{"id":4118,"date":"2015-05-21T18:05:01","date_gmt":"2015-05-21T18:05:01","guid":{"rendered":"http:\/\/lux.realat.lv\/wordpress\/?page_id=4118"},"modified":"2025-02-27T10:23:46","modified_gmt":"2025-02-27T08:23:46","slug":"nekutamo-ipasumu-agents","status":"publish","type":"page","link":"https:\/\/www.realat.lv\/en\/team\/","title":{"rendered":"Team"},"content":{"rendered":"","protected":false},"excerpt":{"rendered":"","protected":false},"author":2,"featured_media":2048044,"parent":0,"menu_order":0,"comment_status":"closed","ping_status":"closed","template":"team.php","meta":{"footnotes":""},"class_list":["post-4118","page","type-page","status-publish","has-post-thumbnail","hentry"],"yoast_head":"<!-- This site is optimized with the Yoast SEO plugin v26.9 - https:\/\/yoast.com\/product\/yoast-seo-wordpress\/ -->\n<title>Team - REALAT.lv<\/title>\n<meta name=\"description\" content=\"M\u016bsu komand\u0101 ir pieredz\u0113ju\u0161i nekustam\u0101 \u012bpa\u0161uma speci\u0101listi, kuri pal\u012bdz\u0113s realiz\u0113t dar\u012bjumus ar nekustamo \u012bpa\u0161umu. Realiz\u0113sim sapni par savu \u012bpa\u0161umu!\" \/>\n<meta name=\"robots\" content=\"index, follow, max-snippet:-1, max-image-preview:large, max-video-preview:-1\" \/>\n<meta name=\"twitter:card\" content=\"summary_large_image\" \/>\n<meta name=\"twitter:title\" content=\"Team - REALAT.lv\" \/>\n<meta name=\"twitter:description\" content=\"{:lv}M\u016bsu komand\u0101 ir pieredz\u0113ju\u0161i nekustam\u0101 \u012bpa\u0161uma speci\u0101listi, kuri pal\u012bdz\u0113s realiz\u0113t dar\u012bjumus ar nekustamo \u012bpa\u0161umu. Realiz\u0113sim sapni par savu \u012bpa\u0161umu!{:}\" \/>\n<meta name=\"twitter:image\" content=\"https:\/\/www.realat.lv\/wp-content\/uploads\/2025\/02\/FB-cover-REALAT-min.png\" \/>\n<meta name=\"twitter:label1\" content=\"Est. reading time\" \/>\n\t<meta name=\"twitter:data1\" content=\"1 minute\" \/>\n<script type=\"application\/ld+json\" class=\"yoast-schema-graph\">{\"@context\":\"https:\/\/schema.org\",\"@graph\":[{\"@type\":\"WebPage\",\"@id\":\"https:\/\/www.realat.lv\/lv\/komanda\/\",\"url\":\"https:\/\/www.realat.lv\/lv\/komanda\/\",\"name\":\"Team - REALAT.lv\",\"isPartOf\":{\"@id\":\"https:\/\/www.realat.lv\/en\/#website\"},\"primaryImageOfPage\":{\"@id\":\"https:\/\/www.realat.lv\/lv\/komanda\/#primaryimage\"},\"image\":{\"@id\":\"https:\/\/www.realat.lv\/lv\/komanda\/#primaryimage\"},\"thumbnailUrl\":\"https:\/\/www.realat.lv\/wp-content\/uploads\/2025\/02\/FB-cover-REALAT-min.png\",\"datePublished\":\"2015-05-21T18:05:01+00:00\",\"dateModified\":\"2025-02-27T08:23:46+00:00\",\"description\":\"{:lv}M\u016bsu komand\u0101 ir pieredz\u0113ju\u0161i nekustam\u0101 \u012bpa\u0161uma speci\u0101listi, kuri pal\u012bdz\u0113s realiz\u0113t dar\u012bjumus ar nekustamo \u012bpa\u0161umu. Realiz\u0113sim sapni par savu \u012bpa\u0161umu!{:}\",\"breadcrumb\":{\"@id\":\"https:\/\/www.realat.lv\/lv\/komanda\/#breadcrumb\"},\"inLanguage\":\"en-US\",\"potentialAction\":[{\"@type\":\"ReadAction\",\"target\":[\"https:\/\/www.realat.lv\/lv\/komanda\/\"]}]},{\"@type\":\"ImageObject\",\"inLanguage\":\"en-US\",\"@id\":\"https:\/\/www.realat.lv\/lv\/komanda\/#primaryimage\",\"url\":\"https:\/\/www.realat.lv\/wp-content\/uploads\/2025\/02\/FB-cover-REALAT-min.png\",\"contentUrl\":\"https:\/\/www.realat.lv\/wp-content\/uploads\/2025\/02\/FB-cover-REALAT-min.png\",\"width\":1444,\"height\":559},{\"@type\":\"BreadcrumbList\",\"@id\":\"https:\/\/www.realat.lv\/lv\/komanda\/#breadcrumb\",\"itemListElement\":[{\"@type\":\"ListItem\",\"position\":1,\"name\":\"Home\",\"item\":\"https:\/\/www.realat.lv\/en\/\"},{\"@type\":\"ListItem\",\"position\":2,\"name\":\"Komanda\"}]},{\"@type\":\"WebSite\",\"@id\":\"https:\/\/www.realat.lv\/en\/#website\",\"url\":\"https:\/\/www.realat.lv\/en\/\",\"name\":\"REALAT.lv\",\"description\":\"Nekustamie \u012bpa\u0161umi, iz\u012br\u0113, iznom\u0101 un p\u0101rdod, dz\u012bvok\u013ci, m\u0101jas, zemes, komerc\u012bpa\u0161umi, invest\u012bciju projekti, starpniec\u012bbas pakalpojumi.\",\"potentialAction\":[{\"@type\":\"SearchAction\",\"target\":{\"@type\":\"EntryPoint\",\"urlTemplate\":\"https:\/\/www.realat.lv\/en\/?s={search_term_string}\"},\"query-input\":{\"@type\":\"PropertyValueSpecification\",\"valueRequired\":true,\"valueName\":\"search_term_string\"}}],\"inLanguage\":\"en-US\"}]}<\/script>\n<!-- \/ Yoast SEO plugin. -->","yoast_head_json":{"title":"Team - REALAT.lv","description":"M\u016bsu komand\u0101 ir pieredz\u0113ju\u0161i nekustam\u0101 \u012bpa\u0161uma speci\u0101listi, kuri pal\u012bdz\u0113s realiz\u0113t dar\u012bjumus ar nekustamo \u012bpa\u0161umu. Realiz\u0113sim sapni par savu \u012bpa\u0161umu!","robots":{"index":"index","follow":"follow","max-snippet":"max-snippet:-1","max-image-preview":"max-image-preview:large","max-video-preview":"max-video-preview:-1"},"twitter_card":"summary_large_image","twitter_title":"Team - REALAT.lv","twitter_description":"{:lv}M\u016bsu komand\u0101 ir pieredz\u0113ju\u0161i nekustam\u0101 \u012bpa\u0161uma speci\u0101listi, kuri pal\u012bdz\u0113s realiz\u0113t dar\u012bjumus ar nekustamo \u012bpa\u0161umu. Realiz\u0113sim sapni par savu \u012bpa\u0161umu!{:}","twitter_image":"https:\/\/www.realat.lv\/wp-content\/uploads\/2025\/02\/FB-cover-REALAT-min.png","twitter_misc":{"Est. reading time":"1 minute"},"schema":{"@context":"https:\/\/schema.org","@graph":[{"@type":"WebPage","@id":"https:\/\/www.realat.lv\/lv\/komanda\/","url":"https:\/\/www.realat.lv\/lv\/komanda\/","name":"Team - REALAT.lv","isPartOf":{"@id":"https:\/\/www.realat.lv\/en\/#website"},"primaryImageOfPage":{"@id":"https:\/\/www.realat.lv\/lv\/komanda\/#primaryimage"},"image":{"@id":"https:\/\/www.realat.lv\/lv\/komanda\/#primaryimage"},"thumbnailUrl":"https:\/\/www.realat.lv\/wp-content\/uploads\/2025\/02\/FB-cover-REALAT-min.png","datePublished":"2015-05-21T18:05:01+00:00","dateModified":"2025-02-27T08:23:46+00:00","description":"{:lv}M\u016bsu komand\u0101 ir pieredz\u0113ju\u0161i nekustam\u0101 \u012bpa\u0161uma speci\u0101listi, kuri pal\u012bdz\u0113s realiz\u0113t dar\u012bjumus ar nekustamo \u012bpa\u0161umu. Realiz\u0113sim sapni par savu \u012bpa\u0161umu!{:}","breadcrumb":{"@id":"https:\/\/www.realat.lv\/lv\/komanda\/#breadcrumb"},"inLanguage":"en-US","potentialAction":[{"@type":"ReadAction","target":["https:\/\/www.realat.lv\/lv\/komanda\/"]}]},{"@type":"ImageObject","inLanguage":"en-US","@id":"https:\/\/www.realat.lv\/lv\/komanda\/#primaryimage","url":"https:\/\/www.realat.lv\/wp-content\/uploads\/2025\/02\/FB-cover-REALAT-min.png","contentUrl":"https:\/\/www.realat.lv\/wp-content\/uploads\/2025\/02\/FB-cover-REALAT-min.png","width":1444,"height":559},{"@type":"BreadcrumbList","@id":"https:\/\/www.realat.lv\/lv\/komanda\/#breadcrumb","itemListElement":[{"@type":"ListItem","position":1,"name":"Home","item":"https:\/\/www.realat.lv\/en\/"},{"@type":"ListItem","position":2,"name":"Komanda"}]},{"@type":"WebSite","@id":"https:\/\/www.realat.lv\/en\/#website","url":"https:\/\/www.realat.lv\/en\/","name":"REALAT.lv","description":"Nekustamie \u012bpa\u0161umi, iz\u012br\u0113, iznom\u0101 un p\u0101rdod, dz\u012bvok\u013ci, m\u0101jas, zemes, komerc\u012bpa\u0161umi, invest\u012bciju projekti, starpniec\u012bbas pakalpojumi.","potentialAction":[{"@type":"SearchAction","target":{"@type":"EntryPoint","urlTemplate":"https:\/\/www.realat.lv\/en\/?s={search_term_string}"},"query-input":{"@type":"PropertyValueSpecification","valueRequired":true,"valueName":"search_term_string"}}],"inLanguage":"en-US"}]}},"post_mailing_queue_ids":[],"_links":{"self":[{"href":"https:\/\/www.realat.lv\/en\/wp-json\/wp\/v2\/pages\/4118","targetHints":{"allow":["GET"]}}],"collection":[{"href":"https:\/\/www.realat.lv\/en\/wp-json\/wp\/v2\/pages"}],"about":[{"href":"https:\/\/www.realat.lv\/en\/wp-json\/wp\/v2\/types\/page"}],"author":[{"embeddable":true,"href":"https:\/\/www.realat.lv\/en\/wp-json\/wp\/v2\/users\/2"}],"replies":[{"embeddable":true,"href":"https:\/\/www.realat.lv\/en\/wp-json\/wp\/v2\/comments?post=4118"}],"version-history":[{"count":0,"href":"https:\/\/www.realat.lv\/en\/wp-json\/wp\/v2\/pages\/4118\/revisions"}],"wp:featuredmedia":[{"embeddable":true,"href":"https:\/\/www.realat.lv\/en\/wp-json\/wp\/v2\/media\/2048044"}],"wp:attachment":[{"href":"https:\/\/www.realat.lv\/en\/wp-json\/wp\/v2\/media?parent=4118"}],"curies":[{"name":"wp","href":"https:\/\/api.w.org\/{rel}","templated":true}]}}