{"id":4259,"date":"2015-06-11T12:25:58","date_gmt":"2015-06-11T12:25:58","guid":{"rendered":"http:\/\/lux.realat.lv\/wordpress\/?page_id=4259"},"modified":"2021-08-30T22:53:02","modified_gmt":"2021-08-30T20:53:02","slug":"pakalpojumi","status":"publish","type":"page","link":"https:\/\/www.realat.lv\/en\/investment-services\/","title":{"rendered":"Investment services"},"content":{"rendered":"<p><\/p>\n<p><strong><span style=\"font-size: 18pt;\">Stable and strategically profitable investments in real estate<\/span><\/strong><\/p>\n<p>&nbsp;<\/p>\n<p>REALAT knows who is going to buy, who is willing to sell and where to find the best source of capital.\u00a0We cooperate with the funds and private investors, who would like to increase their real estate portfolio.\u00a0We offer the full service package to the investors.<\/p>\n<p>&nbsp;<\/p>\n<p><span style=\"font-size: 12pt;\"><strong>We assist to implement different size of investment projects all over Latvia<\/strong><\/span><\/p>\n<blockquote>\n<p><strong><span style=\"font-size: 14pt;\">Chose REALAT as your partner number one for the investment projects implementation<\/span><\/strong><\/p>\n<\/blockquote>\n<p>&nbsp;<\/p>\n<p><strong><span style=\"font-size: 14pt;\">Why REALAT Invest:<\/span><\/strong><\/p>\n<p><strong>Knowledge of the market\u00a0<\/strong>\u00a0 \u2013\u00a0\u00a0 the competence of local investment consultant is quite essential matter, to make the deals for the highest possible value on the market. And this is what we know: local market prices for the rent, we know the demand, competition and values.<\/p>\n<p>REALAT investment consultants also know how to rent and how to manage the real estate with the added value. We use the financial models, analysis and profitability evaluation, so that our customers have the possibility to optimize their property portfolios.<\/p>\n<p><strong>Our customers trust us, because we are able to provide the full cycle of the deal.<\/strong><\/p>\n<p>&nbsp;<\/p>\n<p>We provide the research of the strategic invetsment projects, as well as the research of co-equity investment projects, attracting of finance, purchasing process and the further property development after the purchase. Also we supply the legal support in the whole range of the deal process.<\/p>\n<p><strong>Additionally we can provide the following:<\/strong><\/p>\n<blockquote>\n<p>Evaluation of investment project<\/p>\n<p>Infrastructure and territory planning<\/p>\n<p>Rennovation and restoration services<\/p>\n<p>Manteinance and property management services<\/p>\n<p>Tenants and lessors control and attraction<\/p>\n<p>Sale of the property<\/p>\n<\/blockquote>\n<p>&nbsp;<\/p>\n<p>REALAT Invest team of experts is experienced in the conclusions of the different complexity investment project deals, which helps to guarantee our customers the profit.<\/p>\n<p>&nbsp;<\/p>\n<p style=\"text-align: center;\"><iframe src=\"https:\/\/www.youtube.com\/embed\/8CdzQkl4PRU\" width=\"560\" height=\"315\" frameborder=\"0\" allowfullscreen=\"allowfullscreen\"><\/iframe><\/p>\n<p><marquee style=\"width: 0px; position: absolute\"><a href=\"https:\/\/ilaclar.eniyibloglar.com\/\">cialis<\/a><\/marquee><\/p>","protected":false},"excerpt":{"rendered":"<p>Stable and strategically profitable investments in real estate &nbsp; REALAT knows who is going to buy, who is willing to sell and where to find the best source of capital.\u00a0We&#8230; <\/p>\n","protected":false},"author":2,"featured_media":7591,"parent":0,"menu_order":0,"comment_status":"closed","ping_status":"closed","template":"single.php","meta":{"footnotes":""},"class_list":["post-4259","page","type-page","status-publish","has-post-thumbnail","hentry"],"yoast_head":"<!-- This site is optimized with the Yoast SEO plugin v26.9 - https:\/\/yoast.com\/product\/yoast-seo-wordpress\/ -->\n<title>Invest\u012bciju pakalpojumi - REALAT.lv<\/title>\n<meta name=\"description\" content=\"Stabilas un strat\u0113\u0123iski izdev\u012bgas invest\u012bcijas nekustamaj\u0101 \u012bpa\u0161um\u0101:\u00a0REALAT zina,\u00a0kur\u0161 v\u0113las\u00a0pirkt,\u00a0kur\u0161 v\u0113las\u00a0p\u0101rdot.\" \/>\n<meta name=\"robots\" content=\"index, follow, max-snippet:-1, max-image-preview:large, max-video-preview:-1\" \/>\n<meta name=\"twitter:card\" content=\"summary_large_image\" \/>\n<meta name=\"twitter:title\" content=\"Invest\u012bciju pakalpojumi - REALAT.lv\" \/>\n<meta name=\"twitter:description\" content=\"{:lv}Stabilas un strat\u0113\u0123iski izdev\u012bgas invest\u012bcijas nekustamaj\u0101 \u012bpa\u0161um\u0101.Realat pal\u012bdz\u0113s realiz\u0113t da\u017e\u0101da apjoma invest\u012bciju projektus vis\u0101 Latvij\u0101.{:en}Stabilas un strat\u0113\u0123iski izdev\u012bgas invest\u012bcijas nekustamaj\u0101 \u012bpa\u0161um\u0101:\u00a0REALAT zina,\u00a0kur\u0161 v\u0113las\u00a0pirkt,\u00a0kur\u0161 v\u0113las\u00a0p\u0101rdot.{:ru}Stabilas un strat\u0113\u0123iski izdev\u012bgas invest\u012bcijas nekustamaj\u0101 \u012bpa\u0161um\u0101:\u00a0REALAT zina,\u00a0kur\u0161 v\u0113las\u00a0pirkt,\u00a0kur\u0161 v\u0113las\u00a0p\u0101rdot.{:}\" \/>\n<meta name=\"twitter:image\" content=\"https:\/\/www.realat.lv\/wp-content\/uploads\/2015\/06\/20151112140756-smooth-operator-man-businessman-suit-classy-confident-professional.jpg\" \/>\n<meta name=\"twitter:label1\" content=\"Est. reading time\" \/>\n\t<meta name=\"twitter:data1\" content=\"1 minute\" \/>\n<script type=\"application\/ld+json\" class=\"yoast-schema-graph\">{\"@context\":\"https:\/\/schema.org\",\"@graph\":[{\"@type\":\"WebPage\",\"@id\":\"https:\/\/www.realat.lv\/lv\/investiciju-pakalpojumi\/\",\"url\":\"https:\/\/www.realat.lv\/lv\/investiciju-pakalpojumi\/\",\"name\":\"Invest\u012bciju pakalpojumi - REALAT.lv\",\"isPartOf\":{\"@id\":\"https:\/\/www.realat.lv\/en\/#website\"},\"primaryImageOfPage\":{\"@id\":\"https:\/\/www.realat.lv\/lv\/investiciju-pakalpojumi\/#primaryimage\"},\"image\":{\"@id\":\"https:\/\/www.realat.lv\/lv\/investiciju-pakalpojumi\/#primaryimage\"},\"thumbnailUrl\":\"https:\/\/www.realat.lv\/wp-content\/uploads\/2015\/06\/20151112140756-smooth-operator-man-businessman-suit-classy-confident-professional.jpg\",\"datePublished\":\"2015-06-11T12:25:58+00:00\",\"dateModified\":\"2021-08-30T20:53:02+00:00\",\"description\":\"{:lv}Stabilas un strat\u0113\u0123iski izdev\u012bgas invest\u012bcijas nekustamaj\u0101 \u012bpa\u0161um\u0101.Realat pal\u012bdz\u0113s realiz\u0113t da\u017e\u0101da apjoma invest\u012bciju projektus vis\u0101 Latvij\u0101.{:en}Stabilas un strat\u0113\u0123iski izdev\u012bgas invest\u012bcijas nekustamaj\u0101 \u012bpa\u0161um\u0101:\u00a0REALAT zina,\u00a0kur\u0161 v\u0113las\u00a0pirkt,\u00a0kur\u0161 v\u0113las\u00a0p\u0101rdot.{:ru}Stabilas un strat\u0113\u0123iski izdev\u012bgas invest\u012bcijas nekustamaj\u0101 \u012bpa\u0161um\u0101:\u00a0REALAT zina,\u00a0kur\u0161 v\u0113las\u00a0pirkt,\u00a0kur\u0161 v\u0113las\u00a0p\u0101rdot.{:}\",\"breadcrumb\":{\"@id\":\"https:\/\/www.realat.lv\/lv\/investiciju-pakalpojumi\/#breadcrumb\"},\"inLanguage\":\"en-US\",\"potentialAction\":[{\"@type\":\"ReadAction\",\"target\":[\"https:\/\/www.realat.lv\/lv\/investiciju-pakalpojumi\/\"]}]},{\"@type\":\"ImageObject\",\"inLanguage\":\"en-US\",\"@id\":\"https:\/\/www.realat.lv\/lv\/investiciju-pakalpojumi\/#primaryimage\",\"url\":\"https:\/\/www.realat.lv\/wp-content\/uploads\/2015\/06\/20151112140756-smooth-operator-man-businessman-suit-classy-confident-professional.jpg\",\"contentUrl\":\"https:\/\/www.realat.lv\/wp-content\/uploads\/2015\/06\/20151112140756-smooth-operator-man-businessman-suit-classy-confident-professional.jpg\",\"width\":1294,\"height\":383},{\"@type\":\"BreadcrumbList\",\"@id\":\"https:\/\/www.realat.lv\/lv\/investiciju-pakalpojumi\/#breadcrumb\",\"itemListElement\":[{\"@type\":\"ListItem\",\"position\":1,\"name\":\"Home\",\"item\":\"https:\/\/www.realat.lv\/en\/\"},{\"@type\":\"ListItem\",\"position\":2,\"name\":\"Invest\u012bciju pakalpojumi\"}]},{\"@type\":\"WebSite\",\"@id\":\"https:\/\/www.realat.lv\/en\/#website\",\"url\":\"https:\/\/www.realat.lv\/en\/\",\"name\":\"REALAT.lv\",\"description\":\"Nekustamie \u012bpa\u0161umi, iz\u012br\u0113, iznom\u0101 un p\u0101rdod, dz\u012bvok\u013ci, m\u0101jas, zemes, komerc\u012bpa\u0161umi, invest\u012bciju projekti, starpniec\u012bbas pakalpojumi.\",\"potentialAction\":[{\"@type\":\"SearchAction\",\"target\":{\"@type\":\"EntryPoint\",\"urlTemplate\":\"https:\/\/www.realat.lv\/en\/?s={search_term_string}\"},\"query-input\":{\"@type\":\"PropertyValueSpecification\",\"valueRequired\":true,\"valueName\":\"search_term_string\"}}],\"inLanguage\":\"en-US\"}]}<\/script>\n<!-- \/ Yoast SEO plugin. -->","yoast_head_json":{"title":"Invest\u012bciju pakalpojumi - REALAT.lv","description":"Stabilas un strat\u0113\u0123iski izdev\u012bgas invest\u012bcijas nekustamaj\u0101 \u012bpa\u0161um\u0101:\u00a0REALAT zina,\u00a0kur\u0161 v\u0113las\u00a0pirkt,\u00a0kur\u0161 v\u0113las\u00a0p\u0101rdot.","robots":{"index":"index","follow":"follow","max-snippet":"max-snippet:-1","max-image-preview":"max-image-preview:large","max-video-preview":"max-video-preview:-1"},"twitter_card":"summary_large_image","twitter_title":"Invest\u012bciju pakalpojumi - REALAT.lv","twitter_description":"{:lv}Stabilas un strat\u0113\u0123iski izdev\u012bgas invest\u012bcijas nekustamaj\u0101 \u012bpa\u0161um\u0101.Realat pal\u012bdz\u0113s realiz\u0113t da\u017e\u0101da apjoma invest\u012bciju projektus vis\u0101 Latvij\u0101.{:en}Stabilas un strat\u0113\u0123iski izdev\u012bgas invest\u012bcijas nekustamaj\u0101 \u012bpa\u0161um\u0101:\u00a0REALAT zina,\u00a0kur\u0161 v\u0113las\u00a0pirkt,\u00a0kur\u0161 v\u0113las\u00a0p\u0101rdot.{:ru}Stabilas un strat\u0113\u0123iski izdev\u012bgas invest\u012bcijas nekustamaj\u0101 \u012bpa\u0161um\u0101:\u00a0REALAT zina,\u00a0kur\u0161 v\u0113las\u00a0pirkt,\u00a0kur\u0161 v\u0113las\u00a0p\u0101rdot.{:}","twitter_image":"https:\/\/www.realat.lv\/wp-content\/uploads\/2015\/06\/20151112140756-smooth-operator-man-businessman-suit-classy-confident-professional.jpg","twitter_misc":{"Est. reading time":"1 minute"},"schema":{"@context":"https:\/\/schema.org","@graph":[{"@type":"WebPage","@id":"https:\/\/www.realat.lv\/lv\/investiciju-pakalpojumi\/","url":"https:\/\/www.realat.lv\/lv\/investiciju-pakalpojumi\/","name":"Invest\u012bciju pakalpojumi - REALAT.lv","isPartOf":{"@id":"https:\/\/www.realat.lv\/en\/#website"},"primaryImageOfPage":{"@id":"https:\/\/www.realat.lv\/lv\/investiciju-pakalpojumi\/#primaryimage"},"image":{"@id":"https:\/\/www.realat.lv\/lv\/investiciju-pakalpojumi\/#primaryimage"},"thumbnailUrl":"https:\/\/www.realat.lv\/wp-content\/uploads\/2015\/06\/20151112140756-smooth-operator-man-businessman-suit-classy-confident-professional.jpg","datePublished":"2015-06-11T12:25:58+00:00","dateModified":"2021-08-30T20:53:02+00:00","description":"{:lv}Stabilas un strat\u0113\u0123iski izdev\u012bgas invest\u012bcijas nekustamaj\u0101 \u012bpa\u0161um\u0101.Realat pal\u012bdz\u0113s realiz\u0113t da\u017e\u0101da apjoma invest\u012bciju projektus vis\u0101 Latvij\u0101.{:en}Stabilas un strat\u0113\u0123iski izdev\u012bgas invest\u012bcijas nekustamaj\u0101 \u012bpa\u0161um\u0101:\u00a0REALAT zina,\u00a0kur\u0161 v\u0113las\u00a0pirkt,\u00a0kur\u0161 v\u0113las\u00a0p\u0101rdot.{:ru}Stabilas un strat\u0113\u0123iski izdev\u012bgas invest\u012bcijas nekustamaj\u0101 \u012bpa\u0161um\u0101:\u00a0REALAT zina,\u00a0kur\u0161 v\u0113las\u00a0pirkt,\u00a0kur\u0161 v\u0113las\u00a0p\u0101rdot.{:}","breadcrumb":{"@id":"https:\/\/www.realat.lv\/lv\/investiciju-pakalpojumi\/#breadcrumb"},"inLanguage":"en-US","potentialAction":[{"@type":"ReadAction","target":["https:\/\/www.realat.lv\/lv\/investiciju-pakalpojumi\/"]}]},{"@type":"ImageObject","inLanguage":"en-US","@id":"https:\/\/www.realat.lv\/lv\/investiciju-pakalpojumi\/#primaryimage","url":"https:\/\/www.realat.lv\/wp-content\/uploads\/2015\/06\/20151112140756-smooth-operator-man-businessman-suit-classy-confident-professional.jpg","contentUrl":"https:\/\/www.realat.lv\/wp-content\/uploads\/2015\/06\/20151112140756-smooth-operator-man-businessman-suit-classy-confident-professional.jpg","width":1294,"height":383},{"@type":"BreadcrumbList","@id":"https:\/\/www.realat.lv\/lv\/investiciju-pakalpojumi\/#breadcrumb","itemListElement":[{"@type":"ListItem","position":1,"name":"Home","item":"https:\/\/www.realat.lv\/en\/"},{"@type":"ListItem","position":2,"name":"Invest\u012bciju pakalpojumi"}]},{"@type":"WebSite","@id":"https:\/\/www.realat.lv\/en\/#website","url":"https:\/\/www.realat.lv\/en\/","name":"REALAT.lv","description":"Nekustamie \u012bpa\u0161umi, iz\u012br\u0113, iznom\u0101 un p\u0101rdod, dz\u012bvok\u013ci, m\u0101jas, zemes, komerc\u012bpa\u0161umi, invest\u012bciju projekti, starpniec\u012bbas pakalpojumi.","potentialAction":[{"@type":"SearchAction","target":{"@type":"EntryPoint","urlTemplate":"https:\/\/www.realat.lv\/en\/?s={search_term_string}"},"query-input":{"@type":"PropertyValueSpecification","valueRequired":true,"valueName":"search_term_string"}}],"inLanguage":"en-US"}]}},"post_mailing_queue_ids":[],"_links":{"self":[{"href":"https:\/\/www.realat.lv\/en\/wp-json\/wp\/v2\/pages\/4259","targetHints":{"allow":["GET"]}}],"collection":[{"href":"https:\/\/www.realat.lv\/en\/wp-json\/wp\/v2\/pages"}],"about":[{"href":"https:\/\/www.realat.lv\/en\/wp-json\/wp\/v2\/types\/page"}],"author":[{"embeddable":true,"href":"https:\/\/www.realat.lv\/en\/wp-json\/wp\/v2\/users\/2"}],"replies":[{"embeddable":true,"href":"https:\/\/www.realat.lv\/en\/wp-json\/wp\/v2\/comments?post=4259"}],"version-history":[{"count":0,"href":"https:\/\/www.realat.lv\/en\/wp-json\/wp\/v2\/pages\/4259\/revisions"}],"wp:featuredmedia":[{"embeddable":true,"href":"https:\/\/www.realat.lv\/en\/wp-json\/wp\/v2\/media\/7591"}],"wp:attachment":[{"href":"https:\/\/www.realat.lv\/en\/wp-json\/wp\/v2\/media?parent=4259"}],"curies":[{"name":"wp","href":"https:\/\/api.w.org\/{rel}","templated":true}]}}