{"id":4304,"date":"2015-06-11T12:50:46","date_gmt":"2015-06-11T12:50:46","guid":{"rendered":"http:\/\/lux.realat.lv\/wordpress\/?page_id=4304"},"modified":"2021-02-05T11:23:10","modified_gmt":"2021-02-05T09:23:10","slug":"example-post","status":"publish","type":"page","link":"https:\/\/www.realat.lv\/en\/services-for-sellers\/","title":{"rendered":"Services for sellers"},"content":{"rendered":"<p><\/p>\n<p style=\"text-align: center;\"><strong><span style=\"font-size: 18pt;\"><em>Intermediate services for the deals with the real estate<\/em><\/span><\/strong><\/p>\n<p><strong>Property trade<\/strong><\/p>\n<p>Why there are some properties, that are hanging on sales for the long time, during many years, lacking any interest from the potential customers? And, completely opposite \u2013 some properties, which are sold very fast? There are many factos that influence the market \u2013 the price adjustment to the demand, the quality of property and others. Our aim is to apply to right selling strategy for your property, so that it finds its new owner very quickly.<\/p>\n<p>&nbsp;<\/p>\n<p><strong>Search of the customer<\/strong><\/p>\n<p>The process of customer searching usually takes quite a long time, you could spend this time to other things which you like, for example: read a book, do sports or devote your time to your family, etc. Entrust your time to us an we guarantee the positive result!<\/p>\n<p>&nbsp;<\/p>\n<p>Our experts, based on their experience, will find the most appropriate customers for you, according to your demands.<\/p>\n<p><strong><span style=\"font-size: 14pt;\">Our priority is saving your time!<\/span><\/strong><\/p>\n<blockquote>\n<p>Fast and effective programm of customers search;<\/p>\n<p>Legal support, formation of the agreements;<\/p>\n<p>Support of the expert, also after the deal has been signed;<\/p>\n<p>Construction and design services;<\/p>\n<p>Transportation services;<\/p>\n<\/blockquote>\n<p>&nbsp;<\/p>\n<p><span style=\"font-size: 14pt;\">For more information, please contacts our experts.<\/span><\/p>\n<p><\/p>","protected":false},"excerpt":{"rendered":"<p>Intermediate services for the deals with the real estate Property trade Why there are some properties, that are hanging on sales for the long time, during many years, lacking any&#8230; <\/p>\n","protected":false},"author":2,"featured_media":1365791,"parent":0,"menu_order":0,"comment_status":"closed","ping_status":"open","template":"single.php","meta":{"footnotes":""},"class_list":["post-4304","page","type-page","status-publish","has-post-thumbnail","hentry"],"yoast_head":"<!-- This site is optimized with the Yoast SEO plugin v27.4 - https:\/\/yoast.com\/product\/yoast-seo-wordpress\/ -->\n<title>Pakalpojumi p\u0101rdev\u0113jiem - REALAT.lv<\/title>\n<meta name=\"description\" content=\"M\u016bsu m\u0113r\u0137is ir piem\u0113rot pareizo p\u0101rdo\u0161anas strat\u0113\u0123iju j\u016bsu \u012bpa\u0161umam, lai tas maksim\u0101li \u0101tri atrastu savu jauno saimnieku.\" \/>\n<meta name=\"robots\" content=\"index, follow, max-snippet:-1, max-image-preview:large, max-video-preview:-1\" \/>\n<meta name=\"twitter:card\" content=\"summary_large_image\" \/>\n<meta name=\"twitter:title\" content=\"Pakalpojumi p\u0101rdev\u0113jiem - REALAT.lv\" \/>\n<meta name=\"twitter:description\" content=\"M\u016bsu m\u0113r\u0137is ir piem\u0113rot pareizo p\u0101rdo\u0161anas strat\u0113\u0123iju j\u016bsu \u012bpa\u0161umam, lai tas maksim\u0101li \u0101tri atrastu savu jauno saimnieku.\" \/>\n<meta name=\"twitter:image\" content=\"https:\/\/www.realat.lv\/wp-content\/uploads\/2015\/06\/121221.jpg\" \/>\n<meta name=\"twitter:label1\" content=\"Est. reading time\" \/>\n\t<meta name=\"twitter:data1\" content=\"1 minute\" \/>\n<script type=\"application\/ld+json\" class=\"yoast-schema-graph\">{\"@context\":\"https:\\\/\\\/schema.org\",\"@graph\":[{\"@type\":\"WebPage\",\"@id\":\"https:\\\/\\\/www.realat.lv\\\/lv\\\/pakalpojumi-pardevejiem\\\/\",\"url\":\"https:\\\/\\\/www.realat.lv\\\/lv\\\/pakalpojumi-pardevejiem\\\/\",\"name\":\"Pakalpojumi p\u0101rdev\u0113jiem - REALAT.lv\",\"isPartOf\":{\"@id\":\"https:\\\/\\\/www.realat.lv\\\/en\\\/#website\"},\"primaryImageOfPage\":{\"@id\":\"https:\\\/\\\/www.realat.lv\\\/lv\\\/pakalpojumi-pardevejiem\\\/#primaryimage\"},\"image\":{\"@id\":\"https:\\\/\\\/www.realat.lv\\\/lv\\\/pakalpojumi-pardevejiem\\\/#primaryimage\"},\"thumbnailUrl\":\"https:\\\/\\\/www.realat.lv\\\/wp-content\\\/uploads\\\/2015\\\/06\\\/121221.jpg\",\"datePublished\":\"2015-06-11T12:50:46+00:00\",\"dateModified\":\"2021-02-05T09:23:10+00:00\",\"description\":\"M\u016bsu m\u0113r\u0137is ir piem\u0113rot pareizo p\u0101rdo\u0161anas strat\u0113\u0123iju j\u016bsu \u012bpa\u0161umam, lai tas maksim\u0101li \u0101tri atrastu savu jauno saimnieku.\",\"breadcrumb\":{\"@id\":\"https:\\\/\\\/www.realat.lv\\\/lv\\\/pakalpojumi-pardevejiem\\\/#breadcrumb\"},\"inLanguage\":\"en-US\",\"potentialAction\":[{\"@type\":\"ReadAction\",\"target\":[\"https:\\\/\\\/www.realat.lv\\\/lv\\\/pakalpojumi-pardevejiem\\\/\"]}]},{\"@type\":\"ImageObject\",\"inLanguage\":\"en-US\",\"@id\":\"https:\\\/\\\/www.realat.lv\\\/lv\\\/pakalpojumi-pardevejiem\\\/#primaryimage\",\"url\":\"https:\\\/\\\/www.realat.lv\\\/wp-content\\\/uploads\\\/2015\\\/06\\\/121221.jpg\",\"contentUrl\":\"https:\\\/\\\/www.realat.lv\\\/wp-content\\\/uploads\\\/2015\\\/06\\\/121221.jpg\",\"width\":1000,\"height\":503},{\"@type\":\"BreadcrumbList\",\"@id\":\"https:\\\/\\\/www.realat.lv\\\/lv\\\/pakalpojumi-pardevejiem\\\/#breadcrumb\",\"itemListElement\":[{\"@type\":\"ListItem\",\"position\":1,\"name\":\"Home\",\"item\":\"https:\\\/\\\/www.realat.lv\\\/en\\\/\"},{\"@type\":\"ListItem\",\"position\":2,\"name\":\"Pakalpojumi p\u0101rdev\u0113jiem\"}]},{\"@type\":\"WebSite\",\"@id\":\"https:\\\/\\\/www.realat.lv\\\/en\\\/#website\",\"url\":\"https:\\\/\\\/www.realat.lv\\\/en\\\/\",\"name\":\"REALAT.lv\",\"description\":\"Nekustamie \u012bpa\u0161umi, iz\u012br\u0113, iznom\u0101 un p\u0101rdod, dz\u012bvok\u013ci, m\u0101jas, zemes, komerc\u012bpa\u0161umi, invest\u012bciju projekti, starpniec\u012bbas pakalpojumi.\",\"potentialAction\":[{\"@type\":\"SearchAction\",\"target\":{\"@type\":\"EntryPoint\",\"urlTemplate\":\"https:\\\/\\\/www.realat.lv\\\/en\\\/?s={search_term_string}\"},\"query-input\":{\"@type\":\"PropertyValueSpecification\",\"valueRequired\":true,\"valueName\":\"search_term_string\"}}],\"inLanguage\":\"en-US\"}]}<\/script>\n<!-- \/ Yoast SEO plugin. -->","yoast_head_json":{"title":"Pakalpojumi p\u0101rdev\u0113jiem - REALAT.lv","description":"M\u016bsu m\u0113r\u0137is ir piem\u0113rot pareizo p\u0101rdo\u0161anas strat\u0113\u0123iju j\u016bsu \u012bpa\u0161umam, lai tas maksim\u0101li \u0101tri atrastu savu jauno saimnieku.","robots":{"index":"index","follow":"follow","max-snippet":"max-snippet:-1","max-image-preview":"max-image-preview:large","max-video-preview":"max-video-preview:-1"},"twitter_card":"summary_large_image","twitter_title":"Pakalpojumi p\u0101rdev\u0113jiem - REALAT.lv","twitter_description":"M\u016bsu m\u0113r\u0137is ir piem\u0113rot pareizo p\u0101rdo\u0161anas strat\u0113\u0123iju j\u016bsu \u012bpa\u0161umam, lai tas maksim\u0101li \u0101tri atrastu savu jauno saimnieku.","twitter_image":"https:\/\/www.realat.lv\/wp-content\/uploads\/2015\/06\/121221.jpg","twitter_misc":{"Est. reading time":"1 minute"},"schema":{"@context":"https:\/\/schema.org","@graph":[{"@type":"WebPage","@id":"https:\/\/www.realat.lv\/lv\/pakalpojumi-pardevejiem\/","url":"https:\/\/www.realat.lv\/lv\/pakalpojumi-pardevejiem\/","name":"Pakalpojumi p\u0101rdev\u0113jiem - REALAT.lv","isPartOf":{"@id":"https:\/\/www.realat.lv\/en\/#website"},"primaryImageOfPage":{"@id":"https:\/\/www.realat.lv\/lv\/pakalpojumi-pardevejiem\/#primaryimage"},"image":{"@id":"https:\/\/www.realat.lv\/lv\/pakalpojumi-pardevejiem\/#primaryimage"},"thumbnailUrl":"https:\/\/www.realat.lv\/wp-content\/uploads\/2015\/06\/121221.jpg","datePublished":"2015-06-11T12:50:46+00:00","dateModified":"2021-02-05T09:23:10+00:00","description":"M\u016bsu m\u0113r\u0137is ir piem\u0113rot pareizo p\u0101rdo\u0161anas strat\u0113\u0123iju j\u016bsu \u012bpa\u0161umam, lai tas maksim\u0101li \u0101tri atrastu savu jauno saimnieku.","breadcrumb":{"@id":"https:\/\/www.realat.lv\/lv\/pakalpojumi-pardevejiem\/#breadcrumb"},"inLanguage":"en-US","potentialAction":[{"@type":"ReadAction","target":["https:\/\/www.realat.lv\/lv\/pakalpojumi-pardevejiem\/"]}]},{"@type":"ImageObject","inLanguage":"en-US","@id":"https:\/\/www.realat.lv\/lv\/pakalpojumi-pardevejiem\/#primaryimage","url":"https:\/\/www.realat.lv\/wp-content\/uploads\/2015\/06\/121221.jpg","contentUrl":"https:\/\/www.realat.lv\/wp-content\/uploads\/2015\/06\/121221.jpg","width":1000,"height":503},{"@type":"BreadcrumbList","@id":"https:\/\/www.realat.lv\/lv\/pakalpojumi-pardevejiem\/#breadcrumb","itemListElement":[{"@type":"ListItem","position":1,"name":"Home","item":"https:\/\/www.realat.lv\/en\/"},{"@type":"ListItem","position":2,"name":"Pakalpojumi p\u0101rdev\u0113jiem"}]},{"@type":"WebSite","@id":"https:\/\/www.realat.lv\/en\/#website","url":"https:\/\/www.realat.lv\/en\/","name":"REALAT.lv","description":"Nekustamie \u012bpa\u0161umi, iz\u012br\u0113, iznom\u0101 un p\u0101rdod, dz\u012bvok\u013ci, m\u0101jas, zemes, komerc\u012bpa\u0161umi, invest\u012bciju projekti, starpniec\u012bbas pakalpojumi.","potentialAction":[{"@type":"SearchAction","target":{"@type":"EntryPoint","urlTemplate":"https:\/\/www.realat.lv\/en\/?s={search_term_string}"},"query-input":{"@type":"PropertyValueSpecification","valueRequired":true,"valueName":"search_term_string"}}],"inLanguage":"en-US"}]}},"post_mailing_queue_ids":[],"_links":{"self":[{"href":"https:\/\/www.realat.lv\/en\/wp-json\/wp\/v2\/pages\/4304","targetHints":{"allow":["GET"]}}],"collection":[{"href":"https:\/\/www.realat.lv\/en\/wp-json\/wp\/v2\/pages"}],"about":[{"href":"https:\/\/www.realat.lv\/en\/wp-json\/wp\/v2\/types\/page"}],"author":[{"embeddable":true,"href":"https:\/\/www.realat.lv\/en\/wp-json\/wp\/v2\/users\/2"}],"replies":[{"embeddable":true,"href":"https:\/\/www.realat.lv\/en\/wp-json\/wp\/v2\/comments?post=4304"}],"version-history":[{"count":0,"href":"https:\/\/www.realat.lv\/en\/wp-json\/wp\/v2\/pages\/4304\/revisions"}],"wp:featuredmedia":[{"embeddable":true,"href":"https:\/\/www.realat.lv\/en\/wp-json\/wp\/v2\/media\/1365791"}],"wp:attachment":[{"href":"https:\/\/www.realat.lv\/en\/wp-json\/wp\/v2\/media?parent=4304"}],"curies":[{"name":"wp","href":"https:\/\/api.w.org\/{rel}","templated":true}]}}