{"id":7570,"date":"2015-12-17T08:07:50","date_gmt":"2015-12-17T08:07:50","guid":{"rendered":"http:\/\/lux.realat.lv\/wordpress\/?page_id=7570"},"modified":"2021-08-30T22:59:44","modified_gmt":"2021-08-30T20:59:44","slug":"komercplatibu-starpnieciba","status":"publish","type":"page","link":"https:\/\/www.realat.lv\/en\/commercial-property-brokerage\/","title":{"rendered":"Services for the Commercial Premises"},"content":{"rendered":"<p><\/p>\n<blockquote>\n<p><span style=\"font-size: 14pt;\">REALAT consultants have many years of experience in the segment of commercial premises and we have undestood that our most important goal is to help entrepreneurs to find the appropriate business environment, in which they would be able to grow and develop. \u00a0\u00a0<\/span><\/p>\n<\/blockquote>\n<p>To make it possible to pay our attention on the details, going deeply in the wishes of every customer, because we consider that everything in life, including business consists of the details.<\/p>\n<p>Our ideals are our partners and customers \u2013 people, who are able to set complicated goals not being afraid of the difficult way of achieving them.<\/p>\n<p>&nbsp;<\/p>\n<blockquote>\n<p><span style=\"font-size: 14pt;\">We know that for the proper company\u2019s development, it is necessary to chose the right place, exaclty like the seed needs the fertile feed, in which a tree will grow up and give a lot of fruits in future.<\/span><\/p>\n<\/blockquote>\n<p><strong>REALAT team of experts consists of people, who base their work on the knowledge and use the creative approach, which is the key to success.<\/strong><\/p>\n<p>&nbsp;<\/p>\n<p>To make it possible, we provide the services, that are qualitative and save your time, we arrange the appropriate market research by using the specific knowledge, wide choice of available facilities, and we offer the premises, which are not advertised on public.<\/p>\n<p>Our company also offers the premises maintenance and management with the favourable solutions and keeping the highest quality.<\/p>\n<p>&nbsp;<\/p>\n<p>REALAT activities cover the full spector of commercial premises segment.<\/p>\n<p>We operate all kinds of office premises in the segment of commercial properties, including: all types of trade premises, buildings, warehouses, industrial areas, rentals of the commercial land for building and trading projects, also the show rooms, entertainment halls and premises for salon purposes and public catering.<\/p>\n<p>Please check our offers on public data base.<\/p>\n<p>&nbsp;<\/p>\n<p><\/p>","protected":false},"excerpt":{"rendered":"<p>REALAT consultants have many years of experience in the segment of commercial premises and we have undestood that our most important goal is to help entrepreneurs to find the appropriate&#8230; <\/p>\n","protected":false},"author":2,"featured_media":1373979,"parent":0,"menu_order":0,"comment_status":"closed","ping_status":"closed","template":"single.php","meta":{"footnotes":""},"class_list":["post-7570","page","type-page","status-publish","has-post-thumbnail","hentry"],"yoast_head":"<!-- This site is optimized with the Yoast SEO plugin v27.5 - https:\/\/yoast.com\/product\/yoast-seo-wordpress\/ -->\n<title>Komerc\u012bpa\u0161umu starpniec\u012bba - Noma - Tirdzniec\u012bba - REALAT.lv<\/title>\n<meta name=\"description\" content=\"REALAT komanda\u00a0apzin\u0101s, ka m\u016bsu m\u0113r\u0137is ir pal\u012bdz\u0113t uz\u0146\u0113m\u012bgiem cilv\u0113kiem atrast savam biznesam piem\u0113rotu vidi, kur tie b\u016btu sp\u0113j\u012bgi augt un att\u012bst\u012bties.\" \/>\n<meta name=\"robots\" content=\"index, follow, max-snippet:-1, max-image-preview:large, max-video-preview:-1\" \/>\n<meta name=\"twitter:card\" content=\"summary_large_image\" \/>\n<meta name=\"twitter:title\" content=\"Komerc\u012bpa\u0161umu starpniec\u012bba - Noma - Tirdzniec\u012bba - REALAT.lv\" \/>\n<meta name=\"twitter:description\" content=\"REALAT komanda\u00a0apzin\u0101s, ka m\u016bsu m\u0113r\u0137is ir pal\u012bdz\u0113t uz\u0146\u0113m\u012bgiem cilv\u0113kiem atrast savam biznesam piem\u0113rotu vidi, kur tie b\u016btu sp\u0113j\u012bgi augt un att\u012bst\u012bties.\" \/>\n<meta name=\"twitter:image\" content=\"https:\/\/www.realat.lv\/wp-content\/uploads\/2017\/01\/architecture-1727806.jpg\" \/>\n<meta name=\"twitter:label1\" content=\"Est. reading time\" \/>\n\t<meta name=\"twitter:data1\" content=\"2 minutes\" \/>\n<script type=\"application\/ld+json\" class=\"yoast-schema-graph\">{\"@context\":\"https:\\\/\\\/schema.org\",\"@graph\":[{\"@type\":\"WebPage\",\"@id\":\"https:\\\/\\\/www.realat.lv\\\/lv\\\/komercplatibu-starpnieciba\\\/\",\"url\":\"https:\\\/\\\/www.realat.lv\\\/lv\\\/komercplatibu-starpnieciba\\\/\",\"name\":\"Komerc\u012bpa\u0161umu starpniec\u012bba - Noma - Tirdzniec\u012bba - REALAT.lv\",\"isPartOf\":{\"@id\":\"https:\\\/\\\/www.realat.lv\\\/en\\\/#website\"},\"primaryImageOfPage\":{\"@id\":\"https:\\\/\\\/www.realat.lv\\\/lv\\\/komercplatibu-starpnieciba\\\/#primaryimage\"},\"image\":{\"@id\":\"https:\\\/\\\/www.realat.lv\\\/lv\\\/komercplatibu-starpnieciba\\\/#primaryimage\"},\"thumbnailUrl\":\"https:\\\/\\\/www.realat.lv\\\/wp-content\\\/uploads\\\/2017\\\/01\\\/architecture-1727806.jpg\",\"datePublished\":\"2015-12-17T08:07:50+00:00\",\"dateModified\":\"2021-08-30T20:59:44+00:00\",\"description\":\"REALAT komanda\u00a0apzin\u0101s, ka m\u016bsu m\u0113r\u0137is ir pal\u012bdz\u0113t uz\u0146\u0113m\u012bgiem cilv\u0113kiem atrast savam biznesam piem\u0113rotu vidi, kur tie b\u016btu sp\u0113j\u012bgi augt un att\u012bst\u012bties.\",\"breadcrumb\":{\"@id\":\"https:\\\/\\\/www.realat.lv\\\/lv\\\/komercplatibu-starpnieciba\\\/#breadcrumb\"},\"inLanguage\":\"en-US\",\"potentialAction\":[{\"@type\":\"ReadAction\",\"target\":[\"https:\\\/\\\/www.realat.lv\\\/lv\\\/komercplatibu-starpnieciba\\\/\"]}]},{\"@type\":\"ImageObject\",\"inLanguage\":\"en-US\",\"@id\":\"https:\\\/\\\/www.realat.lv\\\/lv\\\/komercplatibu-starpnieciba\\\/#primaryimage\",\"url\":\"https:\\\/\\\/www.realat.lv\\\/wp-content\\\/uploads\\\/2017\\\/01\\\/architecture-1727806.jpg\",\"contentUrl\":\"https:\\\/\\\/www.realat.lv\\\/wp-content\\\/uploads\\\/2017\\\/01\\\/architecture-1727806.jpg\",\"width\":2048,\"height\":1365},{\"@type\":\"BreadcrumbList\",\"@id\":\"https:\\\/\\\/www.realat.lv\\\/lv\\\/komercplatibu-starpnieciba\\\/#breadcrumb\",\"itemListElement\":[{\"@type\":\"ListItem\",\"position\":1,\"name\":\"Home\",\"item\":\"https:\\\/\\\/www.realat.lv\\\/en\\\/\"},{\"@type\":\"ListItem\",\"position\":2,\"name\":\"Komerc\u012bpa\u0161umu realiz\u0101cija\"}]},{\"@type\":\"WebSite\",\"@id\":\"https:\\\/\\\/www.realat.lv\\\/en\\\/#website\",\"url\":\"https:\\\/\\\/www.realat.lv\\\/en\\\/\",\"name\":\"REALAT.lv\",\"description\":\"Nekustamie \u012bpa\u0161umi, iz\u012br\u0113, iznom\u0101 un p\u0101rdod, dz\u012bvok\u013ci, m\u0101jas, zemes, komerc\u012bpa\u0161umi, invest\u012bciju projekti, starpniec\u012bbas pakalpojumi.\",\"potentialAction\":[{\"@type\":\"SearchAction\",\"target\":{\"@type\":\"EntryPoint\",\"urlTemplate\":\"https:\\\/\\\/www.realat.lv\\\/en\\\/?s={search_term_string}\"},\"query-input\":{\"@type\":\"PropertyValueSpecification\",\"valueRequired\":true,\"valueName\":\"search_term_string\"}}],\"inLanguage\":\"en-US\"}]}<\/script>\n<!-- \/ Yoast SEO plugin. -->","yoast_head_json":{"title":"Komerc\u012bpa\u0161umu starpniec\u012bba - Noma - Tirdzniec\u012bba - REALAT.lv","description":"REALAT komanda\u00a0apzin\u0101s, ka m\u016bsu m\u0113r\u0137is ir pal\u012bdz\u0113t uz\u0146\u0113m\u012bgiem cilv\u0113kiem atrast savam biznesam piem\u0113rotu vidi, kur tie b\u016btu sp\u0113j\u012bgi augt un att\u012bst\u012bties.","robots":{"index":"index","follow":"follow","max-snippet":"max-snippet:-1","max-image-preview":"max-image-preview:large","max-video-preview":"max-video-preview:-1"},"twitter_card":"summary_large_image","twitter_title":"Komerc\u012bpa\u0161umu starpniec\u012bba - Noma - Tirdzniec\u012bba - REALAT.lv","twitter_description":"REALAT komanda\u00a0apzin\u0101s, ka m\u016bsu m\u0113r\u0137is ir pal\u012bdz\u0113t uz\u0146\u0113m\u012bgiem cilv\u0113kiem atrast savam biznesam piem\u0113rotu vidi, kur tie b\u016btu sp\u0113j\u012bgi augt un att\u012bst\u012bties.","twitter_image":"https:\/\/www.realat.lv\/wp-content\/uploads\/2017\/01\/architecture-1727806.jpg","twitter_misc":{"Est. reading time":"2 minutes"},"schema":{"@context":"https:\/\/schema.org","@graph":[{"@type":"WebPage","@id":"https:\/\/www.realat.lv\/lv\/komercplatibu-starpnieciba\/","url":"https:\/\/www.realat.lv\/lv\/komercplatibu-starpnieciba\/","name":"Komerc\u012bpa\u0161umu starpniec\u012bba - Noma - Tirdzniec\u012bba - REALAT.lv","isPartOf":{"@id":"https:\/\/www.realat.lv\/en\/#website"},"primaryImageOfPage":{"@id":"https:\/\/www.realat.lv\/lv\/komercplatibu-starpnieciba\/#primaryimage"},"image":{"@id":"https:\/\/www.realat.lv\/lv\/komercplatibu-starpnieciba\/#primaryimage"},"thumbnailUrl":"https:\/\/www.realat.lv\/wp-content\/uploads\/2017\/01\/architecture-1727806.jpg","datePublished":"2015-12-17T08:07:50+00:00","dateModified":"2021-08-30T20:59:44+00:00","description":"REALAT komanda\u00a0apzin\u0101s, ka m\u016bsu m\u0113r\u0137is ir pal\u012bdz\u0113t uz\u0146\u0113m\u012bgiem cilv\u0113kiem atrast savam biznesam piem\u0113rotu vidi, kur tie b\u016btu sp\u0113j\u012bgi augt un att\u012bst\u012bties.","breadcrumb":{"@id":"https:\/\/www.realat.lv\/lv\/komercplatibu-starpnieciba\/#breadcrumb"},"inLanguage":"en-US","potentialAction":[{"@type":"ReadAction","target":["https:\/\/www.realat.lv\/lv\/komercplatibu-starpnieciba\/"]}]},{"@type":"ImageObject","inLanguage":"en-US","@id":"https:\/\/www.realat.lv\/lv\/komercplatibu-starpnieciba\/#primaryimage","url":"https:\/\/www.realat.lv\/wp-content\/uploads\/2017\/01\/architecture-1727806.jpg","contentUrl":"https:\/\/www.realat.lv\/wp-content\/uploads\/2017\/01\/architecture-1727806.jpg","width":2048,"height":1365},{"@type":"BreadcrumbList","@id":"https:\/\/www.realat.lv\/lv\/komercplatibu-starpnieciba\/#breadcrumb","itemListElement":[{"@type":"ListItem","position":1,"name":"Home","item":"https:\/\/www.realat.lv\/en\/"},{"@type":"ListItem","position":2,"name":"Komerc\u012bpa\u0161umu realiz\u0101cija"}]},{"@type":"WebSite","@id":"https:\/\/www.realat.lv\/en\/#website","url":"https:\/\/www.realat.lv\/en\/","name":"REALAT.lv","description":"Nekustamie \u012bpa\u0161umi, iz\u012br\u0113, iznom\u0101 un p\u0101rdod, dz\u012bvok\u013ci, m\u0101jas, zemes, komerc\u012bpa\u0161umi, invest\u012bciju projekti, starpniec\u012bbas pakalpojumi.","potentialAction":[{"@type":"SearchAction","target":{"@type":"EntryPoint","urlTemplate":"https:\/\/www.realat.lv\/en\/?s={search_term_string}"},"query-input":{"@type":"PropertyValueSpecification","valueRequired":true,"valueName":"search_term_string"}}],"inLanguage":"en-US"}]}},"post_mailing_queue_ids":[],"_links":{"self":[{"href":"https:\/\/www.realat.lv\/en\/wp-json\/wp\/v2\/pages\/7570","targetHints":{"allow":["GET"]}}],"collection":[{"href":"https:\/\/www.realat.lv\/en\/wp-json\/wp\/v2\/pages"}],"about":[{"href":"https:\/\/www.realat.lv\/en\/wp-json\/wp\/v2\/types\/page"}],"author":[{"embeddable":true,"href":"https:\/\/www.realat.lv\/en\/wp-json\/wp\/v2\/users\/2"}],"replies":[{"embeddable":true,"href":"https:\/\/www.realat.lv\/en\/wp-json\/wp\/v2\/comments?post=7570"}],"version-history":[{"count":0,"href":"https:\/\/www.realat.lv\/en\/wp-json\/wp\/v2\/pages\/7570\/revisions"}],"wp:featuredmedia":[{"embeddable":true,"href":"https:\/\/www.realat.lv\/en\/wp-json\/wp\/v2\/media\/1373979"}],"wp:attachment":[{"href":"https:\/\/www.realat.lv\/en\/wp-json\/wp\/v2\/media?parent=7570"}],"curies":[{"name":"wp","href":"https:\/\/api.w.org\/{rel}","templated":true}]}}