{"id":4261,"date":"2015-06-11T12:26:16","date_gmt":"2015-06-11T12:26:16","guid":{"rendered":"http:\/\/lux.realat.lv\/wordpress\/?page_id=4261"},"modified":"2015-11-19T21:54:51","modified_gmt":"2015-11-19T21:54:51","slug":"ipasumu-katalogs","status":"publish","type":"page","link":"https:\/\/www.realat.lv\/lv\/ipasumu-katalogs\/","title":{"rendered":"\u012apa\u0161umu katalogs"},"content":{"rendered":"<p><\/p>\n<p><span style=\"font-weight: 400;\">REALAT portfelis sast\u0101v no vair\u0101k, k\u0101 1000 aktu\u0101liem invest\u012bciju projektiem vis\u0101 Latvij\u0101. <\/span><\/p>\n<p><span style=\"font-weight: 400;\">Lai s\u0101ktu projekta tirdzniec\u012bbu, m\u0113s izv\u0113rt\u0113jam, t\u0101 potenci\u0101lo pe\u013c\u0146as atdevi, cenas atbilstam\u012bbu tirgus piepras\u012bjumam, \u012bpa\u0161uma perspekt\u012bvu, sagatavojam biznesa pl\u0101nu p\u0113c piepras\u012bjuma, jo mums ir svar\u012bgi, lai klients ieg\u0101d\u0101joties k\u0101du, no m\u016bsu projektiem, g\u016btu garant\u0113tu pe\u013c\u0146u un b\u016btu apmierin\u0101ts ar izdar\u012bto izv\u0113li. <\/span><\/p>\n<p><\/p>","protected":false},"excerpt":{"rendered":"<p>REALAT portfelis sast\u0101v no vair\u0101k, k\u0101 1000 aktu\u0101liem invest\u012bciju projektiem vis\u0101 Latvij\u0101. Lai s\u0101ktu projekta tirdzniec\u012bbu, m\u0113s izv\u0113rt\u0113jam, t\u0101 potenci\u0101lo pe\u013c\u0146as atdevi, cenas atbilstam\u012bbu tirgus piepras\u012bjumam, \u012bpa\u0161uma perspekt\u012bvu, sagatavojam biznesa&#8230; <\/p>\n","protected":false},"author":2,"featured_media":0,"parent":0,"menu_order":0,"comment_status":"open","ping_status":"open","template":"info-page.php","meta":{"footnotes":""},"class_list":["post-4261","page","type-page","status-publish","hentry"],"yoast_head":"<!-- This site is optimized with the Yoast SEO plugin v26.9 - https:\/\/yoast.com\/product\/yoast-seo-wordpress\/ -->\n<title>\u012apa\u0161umu katalogs - REALAT.lv<\/title>\n<meta name=\"robots\" content=\"index, follow, max-snippet:-1, max-image-preview:large, max-video-preview:-1\" \/>\n<meta name=\"twitter:card\" content=\"summary_large_image\" \/>\n<meta name=\"twitter:title\" content=\"\u012apa\u0161umu katalogs - REALAT.lv\" \/>\n<meta name=\"twitter:description\" content=\"REALAT portfelis sast\u0101v no vair\u0101k, k\u0101 1000 aktu\u0101liem invest\u012bciju projektiem vis\u0101 Latvij\u0101. Lai s\u0101ktu projekta tirdzniec\u012bbu, m\u0113s izv\u0113rt\u0113jam, t\u0101 potenci\u0101lo pe\u013c\u0146as atdevi, cenas atbilstam\u012bbu tirgus piepras\u012bjumam, \u012bpa\u0161uma perspekt\u012bvu, sagatavojam biznesa...\" \/>\n<script type=\"application\/ld+json\" class=\"yoast-schema-graph\">{\"@context\":\"https:\/\/schema.org\",\"@graph\":[{\"@type\":\"WebPage\",\"@id\":\"https:\/\/www.realat.lv\/en\/ipasumu-katalogs\/\",\"url\":\"https:\/\/www.realat.lv\/en\/ipasumu-katalogs\/\",\"name\":\"\u012apa\u0161umu katalogs - REALAT.lv\",\"isPartOf\":{\"@id\":\"https:\/\/www.realat.lv\/en\/#website\"},\"datePublished\":\"2015-06-11T12:26:16+00:00\",\"dateModified\":\"2015-11-19T21:54:51+00:00\",\"breadcrumb\":{\"@id\":\"https:\/\/www.realat.lv\/en\/ipasumu-katalogs\/#breadcrumb\"},\"inLanguage\":\"lv-LV\",\"potentialAction\":[{\"@type\":\"ReadAction\",\"target\":[\"https:\/\/www.realat.lv\/en\/ipasumu-katalogs\/\"]}]},{\"@type\":\"BreadcrumbList\",\"@id\":\"https:\/\/www.realat.lv\/en\/ipasumu-katalogs\/#breadcrumb\",\"itemListElement\":[{\"@type\":\"ListItem\",\"position\":1,\"name\":\"Home\",\"item\":\"https:\/\/www.realat.lv\/en\/\"},{\"@type\":\"ListItem\",\"position\":2,\"name\":\"Property catalog\"}]},{\"@type\":\"WebSite\",\"@id\":\"https:\/\/www.realat.lv\/en\/#website\",\"url\":\"https:\/\/www.realat.lv\/en\/\",\"name\":\"REALAT.lv\",\"description\":\"Nekustamie \u012bpa\u0161umi, iz\u012br\u0113, iznom\u0101 un p\u0101rdod, dz\u012bvok\u013ci, m\u0101jas, zemes, komerc\u012bpa\u0161umi, invest\u012bciju projekti, starpniec\u012bbas pakalpojumi.\",\"potentialAction\":[{\"@type\":\"SearchAction\",\"target\":{\"@type\":\"EntryPoint\",\"urlTemplate\":\"https:\/\/www.realat.lv\/en\/?s={search_term_string}\"},\"query-input\":{\"@type\":\"PropertyValueSpecification\",\"valueRequired\":true,\"valueName\":\"search_term_string\"}}],\"inLanguage\":\"lv-LV\"}]}<\/script>\n<!-- \/ Yoast SEO plugin. -->","yoast_head_json":{"title":"\u012apa\u0161umu katalogs - REALAT.lv","robots":{"index":"index","follow":"follow","max-snippet":"max-snippet:-1","max-image-preview":"max-image-preview:large","max-video-preview":"max-video-preview:-1"},"twitter_card":"summary_large_image","twitter_title":"\u012apa\u0161umu katalogs - REALAT.lv","twitter_description":"REALAT portfelis sast\u0101v no vair\u0101k, k\u0101 1000 aktu\u0101liem invest\u012bciju projektiem vis\u0101 Latvij\u0101. Lai s\u0101ktu projekta tirdzniec\u012bbu, m\u0113s izv\u0113rt\u0113jam, t\u0101 potenci\u0101lo pe\u013c\u0146as atdevi, cenas atbilstam\u012bbu tirgus piepras\u012bjumam, \u012bpa\u0161uma perspekt\u012bvu, sagatavojam biznesa...","schema":{"@context":"https:\/\/schema.org","@graph":[{"@type":"WebPage","@id":"https:\/\/www.realat.lv\/en\/ipasumu-katalogs\/","url":"https:\/\/www.realat.lv\/en\/ipasumu-katalogs\/","name":"\u012apa\u0161umu katalogs - REALAT.lv","isPartOf":{"@id":"https:\/\/www.realat.lv\/en\/#website"},"datePublished":"2015-06-11T12:26:16+00:00","dateModified":"2015-11-19T21:54:51+00:00","breadcrumb":{"@id":"https:\/\/www.realat.lv\/en\/ipasumu-katalogs\/#breadcrumb"},"inLanguage":"lv-LV","potentialAction":[{"@type":"ReadAction","target":["https:\/\/www.realat.lv\/en\/ipasumu-katalogs\/"]}]},{"@type":"BreadcrumbList","@id":"https:\/\/www.realat.lv\/en\/ipasumu-katalogs\/#breadcrumb","itemListElement":[{"@type":"ListItem","position":1,"name":"Home","item":"https:\/\/www.realat.lv\/en\/"},{"@type":"ListItem","position":2,"name":"Property catalog"}]},{"@type":"WebSite","@id":"https:\/\/www.realat.lv\/en\/#website","url":"https:\/\/www.realat.lv\/en\/","name":"REALAT.lv","description":"Nekustamie \u012bpa\u0161umi, iz\u012br\u0113, iznom\u0101 un p\u0101rdod, dz\u012bvok\u013ci, m\u0101jas, zemes, komerc\u012bpa\u0161umi, invest\u012bciju projekti, starpniec\u012bbas pakalpojumi.","potentialAction":[{"@type":"SearchAction","target":{"@type":"EntryPoint","urlTemplate":"https:\/\/www.realat.lv\/en\/?s={search_term_string}"},"query-input":{"@type":"PropertyValueSpecification","valueRequired":true,"valueName":"search_term_string"}}],"inLanguage":"lv-LV"}]}},"post_mailing_queue_ids":[],"_links":{"self":[{"href":"https:\/\/www.realat.lv\/lv\/wp-json\/wp\/v2\/pages\/4261","targetHints":{"allow":["GET"]}}],"collection":[{"href":"https:\/\/www.realat.lv\/lv\/wp-json\/wp\/v2\/pages"}],"about":[{"href":"https:\/\/www.realat.lv\/lv\/wp-json\/wp\/v2\/types\/page"}],"author":[{"embeddable":true,"href":"https:\/\/www.realat.lv\/lv\/wp-json\/wp\/v2\/users\/2"}],"replies":[{"embeddable":true,"href":"https:\/\/www.realat.lv\/lv\/wp-json\/wp\/v2\/comments?post=4261"}],"version-history":[{"count":0,"href":"https:\/\/www.realat.lv\/lv\/wp-json\/wp\/v2\/pages\/4261\/revisions"}],"wp:attachment":[{"href":"https:\/\/www.realat.lv\/lv\/wp-json\/wp\/v2\/media?parent=4261"}],"curies":[{"name":"wp","href":"https:\/\/api.w.org\/{rel}","templated":true}]}}