{"id":4304,"date":"2015-06-11T12:50:46","date_gmt":"2015-06-11T12:50:46","guid":{"rendered":"http:\/\/lux.realat.lv\/wordpress\/?page_id=4304"},"modified":"2021-02-05T11:23:10","modified_gmt":"2021-02-05T09:23:10","slug":"example-post","status":"publish","type":"page","link":"https:\/\/www.realat.lv\/lv\/pakalpojumi-pardevejiem\/","title":{"rendered":"Pakalpojumi p\u0101rdev\u0113jiem"},"content":{"rendered":"<p><\/p>\n<p style=\"text-align: center;\"><span style=\"font-size: 24pt;\">Starpniec\u012bba dar\u012bjumos ar nekustamo \u012bpa\u0161umu<\/span><\/p>\n<p><strong>\u012apa\u0161uma tirdzniec\u012bba\/\u012bre<\/strong><\/p>\n<p>K\u0101p\u0113c ir \u012bpa\u0161umi, kas st\u0101v gadiem ilgi tirg\u016b, par kuriem nav intereses, un glu\u017ei pret\u0113ji ir \u012bpa\u0161umi, kas realiz\u0113jas \u013coti \u0101tri? Ir daudzi faktori, kas ietekm\u0113 tirgus noietu \u2013\u00a0 cenas atbilst\u012bba tirgus piepras\u012bjumam, \u012bpa\u0161uma kvalit\u0101te un citi. M\u016bsu m\u0113r\u0137is ir piem\u0113rot pareizo dar\u012bjuma strat\u0113\u0123iju j\u016bsu \u012bpa\u0161umam, lai tas maksim\u0101li \u0101tri\u00a0iz\u012br\u0113tos vai atrastu savu jauno saimnieku.<\/p>\n<p><strong>Klienta mekl\u0113\u0161ana<\/strong><\/p>\n<p>Klienta mekl\u0113\u0161anas process bie\u017ei pat\u0113r\u0113 \u013coti daudz laika, t\u0101 viet\u0101 var\u0113tu dar\u012bt savas iem\u012b\u013cot\u0101s lietas, k\u0101 piem\u0113ram: las\u012bt gr\u0101matu, sportot vai vienk\u0101r\u0161i velt\u012bt nedal\u012btu uzman\u012bbu \u0123imenei un tml. Uzticiet mums savu laiku un m\u0113s Jums garant\u0113jam pozit\u012bvu rezult\u0101tu!<\/p>\n<p>&nbsp;<\/p>\n<p>M\u016bsu pieredzes bag\u0101tie eksperti piemekl\u0113s Jums visatbilsto\u0161\u0101kos klientus, atbilsto\u0161i J\u016bsu pras\u012bb\u0101m un pal\u012bdz\u0113s realiz\u0113t \u012bpa\u0161uma par iesp\u0113jami augst\u0101ko cenu.<\/p>\n<p><span style=\"font-size: 12pt;\"><strong>M\u016bsu priorit\u0101te ir J\u016bsu ietaup\u012btais laiks un nauda!<\/strong><\/span><\/p>\n<blockquote>\n<p><em>\u0101tra un efekt\u012bva klientu piemekl\u0113\u0161anas programma;<\/em><\/p>\n<p><em>juridiskais atbalsts, l\u012bgumu form\u0113\u0161ana;<\/em><\/p>\n<p><em>eksperta atbalsts ar\u012b p\u0113c dar\u012bjuma nosl\u0113g\u0161anas;<\/em><\/p>\n<\/blockquote>\n<p>&nbsp;<\/p>\n<p><span style=\"font-size: 14pt;\">Lai ieg\u016btu pla\u0161\u0101ku inform\u0101ciju <a href=\"http:\/\/www.realat.lv\/lv\/team\/\">sazinieties ar m\u016bsu ekspertiem.<\/a><\/span><\/p>\n<div class=\"center-block\"><h2 class=\"center osLight pt20\" style=\"color:#9D9FA2;font-size:30px;\">Atsauksmes no  m\u016bsu klientiem<\/h2><div class=\"underline\"><img decoding=\"async\" src=\"https:\/\/www.realat.lv\/wp-content\/themes\/realeswp\/images\/line.png\"\/><\/div><div class=\"row pb40\"><div id=\"home-testimonials\" class=\"carousel slide carousel-wb mb20\" data-ride=\"carousel\"><ol class=\"carousel-indicators\"><li data-target=\"#home-testimonials\" data-slide-to=\"0\"class=\"active\" ><\/li><li data-target=\"#home-testimonials\" data-slide-to=\"1\" ><\/li><li data-target=\"#home-testimonials\" data-slide-to=\"2\" ><\/li><\/ol><div class=\"carousel-inner\" style=\"padding-left:20px;padding-right:20px;height:100px\"><div class=\"item active\"><div style=\"background-size:auto 100%;position:absolute;background-image:url(https:\/\/www.realat.lv\/wp-content\/uploads\/2020\/12\/WhatsApp-Image-2020-11-26-at-17.52.06.jpeg);background-position:center;background-repeat:no-repeat;\"><img decoding=\"async\" src=\"https:\/\/www.realat.lv\/wp-content\/themes\/realeswp\/images\/big_agent_frame.png\" alt=\"Je\u013cena Matja\" class=\"home-testim-avatar\" style=\"height:100px;\"><\/div><div class=\"home-testim\" style=\"padding-bottom:20px;\"><div class=\"home-testim-text\">\u041f\u0440\u043e\u0444\u0435\u0441\u0441\u0438\u043e\u043d\u0430\u043b \u0441\u0432\u043e\u0435\u0433\u043e \u0434\u0435\u043b\u0430. \u041a\u043e\u0433\u0434\u0430 \u0447\u0435\u043b\u043e\u0432\u0435\u043a \u0437\u0430\u043d\u0438\u043c\u0430\u0435\u0442\u0441\u044f \u043b\u044e\u0431\u0438\u043c\u044b\u043c \u0434\u0435\u043b\u043e\u043c, \u044d\u0442\u043e \u0432\u0438\u0434\u043d\u043e \u0441\u0440\u0430\u0437\u0443 \u0438 \u0440\u0435\u0437\u0443\u043b\u044c\u0442\u0430\u0442\u044b \u0435\u0441\u0442\u044c \u0441\u0440\u0430\u0437\u0443. \u0422\u043e \u0447\u0442\u043e \u043c\u044b \u0441\u0430\u043c\u0438 \u043d\u0435 \u043c\u043e\u0433\u043b\u0438 \u0441\u0434\u0435\u043b\u0430\u0442\u044c \u0437\u0430 3 \u043d\u0435\u0434\u0435\u043b\u0438, \u042d\u043b\u0432\u0438\u0441 \u0441\u0434\u0435\u043b\u0430\u043b \u0437\u0430 1 \u0434\u0435\u043d\u044c. \u041e\u0431\u0440\u0430\u0449\u0430\u0439\u0442\u0435\u0441\u044c \u043a \u043d\u0435\u043c\u0443 \u043e\u0431\u044f\u0437\u0430\u0442\u0435\u043b\u044c\u043d\u043e. <strong><a class=\"read-more\" href=\"https:\/\/www.realat.lv\/lv\/atsauksmes\/jelena-matja\/\">Las\u012bt vair\u0101k<\/a><\/strong><\/div><div class=\"home-testim-name\">Je\u013cena Matja<\/div><\/div><\/div><div class=\"item\"><div style=\"background-size:auto 100%;position:absolute;background-image:url(\/wp-content\/uploads\/2017\/03\/708.210x210.1358257216.jpg);background-position:center;background-repeat:no-repeat;\"><img decoding=\"async\" src=\"https:\/\/www.realat.lv\/wp-content\/themes\/realeswp\/images\/big_agent_frame.png\" alt=\"Ivo Skudi\u0137is\" class=\"home-testim-avatar\" style=\"height:100px;\"><\/div><div class=\"home-testim\" style=\"padding-bottom:20px;\"><div class=\"home-testim-text\">No daudzsimta pieejamo m\u0101kleru pakalpojumu sniedz\u0113jiem, tikai REALAT a\u0123enti bija sp\u0113j\u012bgi par\u0101d\u012bt izcilu sniegumu. Atrodot, piesaistot, noturot labu, bet cimperl\u012bgi un izlutin\u0101tu pirc\u0113ju manam d\u0101rgajam, ekskluz\u012bvajam \u012bpa\u0161umam. Pie kam - novedot dar\u012bjumu l\u012bdz beig\u0101m, taj\u0101&hellip; <strong><a class=\"read-more\" href=\"https:\/\/www.realat.lv\/lv\/atsauksmes\/ivo-skudikis\/\">Las\u012bt vair\u0101k<\/a><\/strong><\/div><div class=\"home-testim-name\">Ivo Skudi\u0137is<\/div><\/div><\/div><div class=\"item\"><div style=\"background-size:auto 100%;position:absolute;background-image:url(https:\/\/www.realat.lv\/wp-content\/uploads\/2023\/05\/Screenshot-2023-05-23-at-16.26.51.png);background-position:center;background-repeat:no-repeat;\"><img decoding=\"async\" src=\"https:\/\/www.realat.lv\/wp-content\/themes\/realeswp\/images\/big_agent_frame.png\" alt=\"Emiel Maertens\" class=\"home-testim-avatar\" style=\"height:100px;\"><\/div><div class=\"home-testim\" style=\"padding-bottom:20px;\"><div class=\"home-testim-text\">Sadarb\u012bba ar Laimu bija patie\u0161\u0101m pat\u012bkama. Vi\u0146a ir \u012bsta, god\u012bga profesion\u0101le, kas dara visu iesp\u0113jamo, lai atbild\u0113tu un pal\u012bdz\u0113tu ar jebkuriem jaut\u0101jumiem, kas var\u0113tu rasties. Es var\u0113ju sazin\u0101ties ar vi\u0146u jebkur\u0101 laik\u0101, un vi\u0146ai vienm\u0113r&hellip; <strong><a class=\"read-more\" href=\"https:\/\/www.realat.lv\/lv\/atsauksmes\/emiel-maertens\/\">Las\u012bt vair\u0101k<\/a><\/strong><\/div><div class=\"home-testim-name\">Emiel Maertens<\/div><\/div><\/div><\/div><\/div><\/div><\/div>\n<p>&nbsp;<\/p>\n<div class=\"agent-block\" style=\"width:100%;position:relative;\"><div class=\"center-block\"><h2 class=\"center osLight pt20\" style=\"color:#9D9FA2;font-size:30px;\">Izv\u0113lies savu A\u0123entu<\/h2><div class=\"underline\"><img decoding=\"async\" src=\"https:\/\/www.realat.lv\/wp-content\/themes\/realeswp\/images\/line.png\"\/><\/div><div class=\"row\" style=\"width:100%\"><div id=\"home-agents\" class=\"carousel slide carousel-wb\" ><div class=\"carousel-inner\"><div class=\"item active\"><div class=\"agent\"><div class=\"agent-avat col-md-6 col-lg-6 col-sm-12 col-xs-12 hidden-xs\"><div class=\"agent-mind\"><img decoding=\"async\" class=\"lazy2\" src=\"\" data-src=\"https:\/\/www.realat.lv\/wp-content\/themes\/realeswp\/images\/agent_mind.png\"\/><\/div><div class=\"agent-pencil\"><\/div><a href=\"https:\/\/www.realat.lv\/lv\/agents\/liga\/\" ><img decoding=\"async\"  class=\"lazy\" src=\"\" data-src=\"https:\/\/img.realat.lv\/users\/wp_team_1539898347.jpg\"  style=\"padding-left:10px;width:441px;height:auto;display: block;\"  alt=\"L\u012bga Up\u012bte\"\/><\/a><\/div><div class=\"agent-info col-md-6 col-lg-6 col-sm-12 col-xs-12\"><div class=\"agent-name\">L\u012bga Up\u012bte<\/div><div class=\"agent-about\">Dz\u012bvojamo plat\u012bbu konsultante<\/div><div class=\"agent-contact\"><div>T\u0101lr.: (+371) 67210010<\/div><div>Mob.: (+371) 26368834<\/div><div>E-pasts: liga@realat.lv<\/div><\/div><a class=\"btn btn-default morebutton\" href=\"https:\/\/www.realat.lv\/lv\/agents\/liga\/\" role=\"button\">Iepaz\u012bties vair\u0101k<\/a><\/div><\/div><\/div><\/div><\/div><\/div><\/div><\/div>\n<p><\/p>","protected":false},"excerpt":{"rendered":"<p>Starpniec\u012bba dar\u012bjumos ar nekustamo \u012bpa\u0161umu \u012apa\u0161uma tirdzniec\u012bba\/\u012bre K\u0101p\u0113c ir \u012bpa\u0161umi, kas st\u0101v gadiem ilgi tirg\u016b, par kuriem nav intereses, un glu\u017ei pret\u0113ji ir \u012bpa\u0161umi, kas realiz\u0113jas \u013coti \u0101tri? Ir daudzi&#8230; <\/p>\n","protected":false},"author":2,"featured_media":1365791,"parent":0,"menu_order":0,"comment_status":"closed","ping_status":"open","template":"single.php","meta":{"footnotes":""},"class_list":["post-4304","page","type-page","status-publish","has-post-thumbnail","hentry"],"yoast_head":"<!-- This site is optimized with the Yoast SEO plugin v27.5 - https:\/\/yoast.com\/product\/yoast-seo-wordpress\/ -->\n<title>Pakalpojumi p\u0101rdev\u0113jiem - REALAT.lv<\/title>\n<meta name=\"description\" content=\"M\u016bsu m\u0113r\u0137is ir piem\u0113rot pareizo p\u0101rdo\u0161anas strat\u0113\u0123iju j\u016bsu \u012bpa\u0161umam, lai tas maksim\u0101li \u0101tri atrastu savu jauno saimnieku.\" \/>\n<meta name=\"robots\" content=\"index, follow, max-snippet:-1, max-image-preview:large, max-video-preview:-1\" \/>\n<meta name=\"twitter:card\" content=\"summary_large_image\" \/>\n<meta name=\"twitter:title\" content=\"Pakalpojumi p\u0101rdev\u0113jiem - REALAT.lv\" \/>\n<meta name=\"twitter:description\" content=\"M\u016bsu m\u0113r\u0137is ir piem\u0113rot pareizo p\u0101rdo\u0161anas strat\u0113\u0123iju j\u016bsu \u012bpa\u0161umam, lai tas maksim\u0101li \u0101tri atrastu savu jauno saimnieku.\" \/>\n<meta name=\"twitter:image\" content=\"https:\/\/www.realat.lv\/wp-content\/uploads\/2015\/06\/121221.jpg\" \/>\n<meta name=\"twitter:label1\" content=\"Est. reading time\" \/>\n\t<meta name=\"twitter:data1\" content=\"1 minute\" \/>\n<script type=\"application\/ld+json\" class=\"yoast-schema-graph\">{\"@context\":\"https:\\\/\\\/schema.org\",\"@graph\":[{\"@type\":\"WebPage\",\"@id\":\"https:\\\/\\\/www.realat.lv\\\/lv\\\/pakalpojumi-pardevejiem\\\/\",\"url\":\"https:\\\/\\\/www.realat.lv\\\/lv\\\/pakalpojumi-pardevejiem\\\/\",\"name\":\"Pakalpojumi p\u0101rdev\u0113jiem - REALAT.lv\",\"isPartOf\":{\"@id\":\"https:\\\/\\\/www.realat.lv\\\/en\\\/#website\"},\"primaryImageOfPage\":{\"@id\":\"https:\\\/\\\/www.realat.lv\\\/lv\\\/pakalpojumi-pardevejiem\\\/#primaryimage\"},\"image\":{\"@id\":\"https:\\\/\\\/www.realat.lv\\\/lv\\\/pakalpojumi-pardevejiem\\\/#primaryimage\"},\"thumbnailUrl\":\"https:\\\/\\\/www.realat.lv\\\/wp-content\\\/uploads\\\/2015\\\/06\\\/121221.jpg\",\"datePublished\":\"2015-06-11T12:50:46+00:00\",\"dateModified\":\"2021-02-05T09:23:10+00:00\",\"description\":\"M\u016bsu m\u0113r\u0137is ir piem\u0113rot pareizo p\u0101rdo\u0161anas strat\u0113\u0123iju j\u016bsu \u012bpa\u0161umam, lai tas maksim\u0101li \u0101tri atrastu savu jauno saimnieku.\",\"breadcrumb\":{\"@id\":\"https:\\\/\\\/www.realat.lv\\\/lv\\\/pakalpojumi-pardevejiem\\\/#breadcrumb\"},\"inLanguage\":\"lv-LV\",\"potentialAction\":[{\"@type\":\"ReadAction\",\"target\":[\"https:\\\/\\\/www.realat.lv\\\/lv\\\/pakalpojumi-pardevejiem\\\/\"]}]},{\"@type\":\"ImageObject\",\"inLanguage\":\"lv-LV\",\"@id\":\"https:\\\/\\\/www.realat.lv\\\/lv\\\/pakalpojumi-pardevejiem\\\/#primaryimage\",\"url\":\"https:\\\/\\\/www.realat.lv\\\/wp-content\\\/uploads\\\/2015\\\/06\\\/121221.jpg\",\"contentUrl\":\"https:\\\/\\\/www.realat.lv\\\/wp-content\\\/uploads\\\/2015\\\/06\\\/121221.jpg\",\"width\":1000,\"height\":503},{\"@type\":\"BreadcrumbList\",\"@id\":\"https:\\\/\\\/www.realat.lv\\\/lv\\\/pakalpojumi-pardevejiem\\\/#breadcrumb\",\"itemListElement\":[{\"@type\":\"ListItem\",\"position\":1,\"name\":\"Home\",\"item\":\"https:\\\/\\\/www.realat.lv\\\/en\\\/\"},{\"@type\":\"ListItem\",\"position\":2,\"name\":\"Pakalpojumi p\u0101rdev\u0113jiem\"}]},{\"@type\":\"WebSite\",\"@id\":\"https:\\\/\\\/www.realat.lv\\\/en\\\/#website\",\"url\":\"https:\\\/\\\/www.realat.lv\\\/en\\\/\",\"name\":\"REALAT.lv\",\"description\":\"Nekustamie \u012bpa\u0161umi, iz\u012br\u0113, iznom\u0101 un p\u0101rdod, dz\u012bvok\u013ci, m\u0101jas, zemes, komerc\u012bpa\u0161umi, invest\u012bciju projekti, starpniec\u012bbas pakalpojumi.\",\"potentialAction\":[{\"@type\":\"SearchAction\",\"target\":{\"@type\":\"EntryPoint\",\"urlTemplate\":\"https:\\\/\\\/www.realat.lv\\\/en\\\/?s={search_term_string}\"},\"query-input\":{\"@type\":\"PropertyValueSpecification\",\"valueRequired\":true,\"valueName\":\"search_term_string\"}}],\"inLanguage\":\"lv-LV\"}]}<\/script>\n<!-- \/ Yoast SEO plugin. -->","yoast_head_json":{"title":"Pakalpojumi p\u0101rdev\u0113jiem - REALAT.lv","description":"M\u016bsu m\u0113r\u0137is ir piem\u0113rot pareizo p\u0101rdo\u0161anas strat\u0113\u0123iju j\u016bsu \u012bpa\u0161umam, lai tas maksim\u0101li \u0101tri atrastu savu jauno saimnieku.","robots":{"index":"index","follow":"follow","max-snippet":"max-snippet:-1","max-image-preview":"max-image-preview:large","max-video-preview":"max-video-preview:-1"},"twitter_card":"summary_large_image","twitter_title":"Pakalpojumi p\u0101rdev\u0113jiem - REALAT.lv","twitter_description":"M\u016bsu m\u0113r\u0137is ir piem\u0113rot pareizo p\u0101rdo\u0161anas strat\u0113\u0123iju j\u016bsu \u012bpa\u0161umam, lai tas maksim\u0101li \u0101tri atrastu savu jauno saimnieku.","twitter_image":"https:\/\/www.realat.lv\/wp-content\/uploads\/2015\/06\/121221.jpg","twitter_misc":{"Est. reading time":"1 minute"},"schema":{"@context":"https:\/\/schema.org","@graph":[{"@type":"WebPage","@id":"https:\/\/www.realat.lv\/lv\/pakalpojumi-pardevejiem\/","url":"https:\/\/www.realat.lv\/lv\/pakalpojumi-pardevejiem\/","name":"Pakalpojumi p\u0101rdev\u0113jiem - REALAT.lv","isPartOf":{"@id":"https:\/\/www.realat.lv\/en\/#website"},"primaryImageOfPage":{"@id":"https:\/\/www.realat.lv\/lv\/pakalpojumi-pardevejiem\/#primaryimage"},"image":{"@id":"https:\/\/www.realat.lv\/lv\/pakalpojumi-pardevejiem\/#primaryimage"},"thumbnailUrl":"https:\/\/www.realat.lv\/wp-content\/uploads\/2015\/06\/121221.jpg","datePublished":"2015-06-11T12:50:46+00:00","dateModified":"2021-02-05T09:23:10+00:00","description":"M\u016bsu m\u0113r\u0137is ir piem\u0113rot pareizo p\u0101rdo\u0161anas strat\u0113\u0123iju j\u016bsu \u012bpa\u0161umam, lai tas maksim\u0101li \u0101tri atrastu savu jauno saimnieku.","breadcrumb":{"@id":"https:\/\/www.realat.lv\/lv\/pakalpojumi-pardevejiem\/#breadcrumb"},"inLanguage":"lv-LV","potentialAction":[{"@type":"ReadAction","target":["https:\/\/www.realat.lv\/lv\/pakalpojumi-pardevejiem\/"]}]},{"@type":"ImageObject","inLanguage":"lv-LV","@id":"https:\/\/www.realat.lv\/lv\/pakalpojumi-pardevejiem\/#primaryimage","url":"https:\/\/www.realat.lv\/wp-content\/uploads\/2015\/06\/121221.jpg","contentUrl":"https:\/\/www.realat.lv\/wp-content\/uploads\/2015\/06\/121221.jpg","width":1000,"height":503},{"@type":"BreadcrumbList","@id":"https:\/\/www.realat.lv\/lv\/pakalpojumi-pardevejiem\/#breadcrumb","itemListElement":[{"@type":"ListItem","position":1,"name":"Home","item":"https:\/\/www.realat.lv\/en\/"},{"@type":"ListItem","position":2,"name":"Pakalpojumi p\u0101rdev\u0113jiem"}]},{"@type":"WebSite","@id":"https:\/\/www.realat.lv\/en\/#website","url":"https:\/\/www.realat.lv\/en\/","name":"REALAT.lv","description":"Nekustamie \u012bpa\u0161umi, iz\u012br\u0113, iznom\u0101 un p\u0101rdod, dz\u012bvok\u013ci, m\u0101jas, zemes, komerc\u012bpa\u0161umi, invest\u012bciju projekti, starpniec\u012bbas pakalpojumi.","potentialAction":[{"@type":"SearchAction","target":{"@type":"EntryPoint","urlTemplate":"https:\/\/www.realat.lv\/en\/?s={search_term_string}"},"query-input":{"@type":"PropertyValueSpecification","valueRequired":true,"valueName":"search_term_string"}}],"inLanguage":"lv-LV"}]}},"post_mailing_queue_ids":[],"_links":{"self":[{"href":"https:\/\/www.realat.lv\/lv\/wp-json\/wp\/v2\/pages\/4304","targetHints":{"allow":["GET"]}}],"collection":[{"href":"https:\/\/www.realat.lv\/lv\/wp-json\/wp\/v2\/pages"}],"about":[{"href":"https:\/\/www.realat.lv\/lv\/wp-json\/wp\/v2\/types\/page"}],"author":[{"embeddable":true,"href":"https:\/\/www.realat.lv\/lv\/wp-json\/wp\/v2\/users\/2"}],"replies":[{"embeddable":true,"href":"https:\/\/www.realat.lv\/lv\/wp-json\/wp\/v2\/comments?post=4304"}],"version-history":[{"count":0,"href":"https:\/\/www.realat.lv\/lv\/wp-json\/wp\/v2\/pages\/4304\/revisions"}],"wp:featuredmedia":[{"embeddable":true,"href":"https:\/\/www.realat.lv\/lv\/wp-json\/wp\/v2\/media\/1365791"}],"wp:attachment":[{"href":"https:\/\/www.realat.lv\/lv\/wp-json\/wp\/v2\/media?parent=4304"}],"curies":[{"name":"wp","href":"https:\/\/api.w.org\/{rel}","templated":true}]}}