{"id":1363905,"date":"2016-05-06T22:43:19","date_gmt":"2016-05-06T20:43:19","guid":{"rendered":"http:\/\/www.realat.lv\/lv\/?page_id=1363905"},"modified":"2021-08-30T22:20:26","modified_gmt":"2021-08-30T20:20:26","slug":"nopirksim-jusu-nekustamo-ipasumu-dzivokli-maju-vai-zemi","status":"publish","type":"page","link":"https:\/\/www.realat.lv\/ru\/pakupka-vashei-nedvizhimosti\/","title":{"rendered":"\u041f\u043e\u043a\u0443\u043f\u043a\u0430 \u0432\u0430\u0448\u0435\u0439 \u043d\u0435\u0434\u0432\u0438\u0436\u0438\u043c\u043e\u0441\u0442\u0438 &#8211; \u043a\u0432\u0430\u0440\u0442\u0438\u0440\u044b, \u0434\u043e\u043c\u0430, \u0437\u0435\u043c\u043b\u0438, \u043a\u043e\u043c\u043c\u0435\u0440\u0447\u0435\u0441\u043a\u043e\u0439"},"content":{"rendered":"<p><\/p>\n<blockquote>\n<p><strong><span style=\"font-size: 18pt;\">\u0425\u041e\u0422\u0418\u0422\u0415 \u0421\u0420\u041e\u0427\u041d\u041e \u043f\u0440\u043e\u0434\u0430\u0442\u044c \u0441\u0432\u043e\u044e \u043d\u0435\u0434\u0432\u0438\u0436\u0438\u043c\u043e\u0441\u0442\u044c ?<\/span><\/strong><\/p>\n<p>\u041c\u042b \u041f\u041e\u041a\u0423\u041f\u0410\u0415\u041c \u0412 \u0422\u0415\u0427\u0415\u041d\u0418\u0415 \u0422\u0420\u0415\u0425 \u0414\u041d\u0415\u0419!<\/p>\n<\/blockquote>\n<p>\u041c\u044b \u043f\u043e\u043a\u0443\u043f\u0430\u0435\u043c \u0432 \u043d\u0430\u043b\u0438\u0447\u043d\u044b\u0445 \u0434\u0435\u043d\u044c\u0433\u0430\u0445\u00a0\u0418 \u043e\u043f\u043b\u0430\u0447\u0438\u0432\u0430\u0435\u043c &#8211; \u0432 \u0442\u0435\u0447\u0435\u043d\u0438\u0435 3-\u0445 \u0434\u043d\u0435\u0439\u00a0<\/p>\n<p><strong>SIA REALAT \u043f\u043e\u043a\u0443\u043f\u0430\u0435\u0442 \u043d\u0435\u0434\u0432\u0438\u0436\u0438\u043c\u043e\u0441\u0442\u044c \u0432 \u0420\u0438\u0433\u0435, \u0420\u0438\u0436\u0441\u043a\u043e\u043c \u0440\u0430\u0439\u043e\u043d\u0435 \u0438 \u042e\u0440\u043c\u0430\u043b\u0435\u00a0<\/strong><\/p>\n<blockquote>\n<p>\u041a\u0432\u0430\u0440\u0442\u0438\u0440\u0438<\/p>\n<p>\u0414\u043e\u043c\u0430<\/p>\n<p>\u0414\u043e\u043c\u043e\u0432\u043b\u0430\u0434\u0435\u043d\u0438\u0435<\/p>\n<p>\u0418\u043d\u0432\u0435\u0441\u0442\u0438\u0446\u0438\u043e\u043d\u043d\u044b\u0435 \u043f\u0440\u043e\u0435\u043a\u0442\u044b<\/p>\n<p>\u041a\u043e\u043c\u043c\u0435\u0440\u0447\u0435\u0441\u043a\u0438\u0435 \u043f\u043e\u043c\u0435\u0449\u0435\u043d\u0438\u044f\u00a0<\/p>\n<\/blockquote>\n<p>&nbsp;<\/p>\n<p><strong>\u041d\u0435\u0434\u0432\u0438\u0436\u0438\u043c\u043e\u0441\u0442\u044c \u043c\u043e\u0436\u0435\u0442 \u0431\u044b\u0442\u044c \u043e\u0431\u0440\u0435\u043c\u0435\u043d\u0435\u043d\u0430 :<\/strong><\/p>\n<blockquote>\n<p>\u0421\u043e\u0432\u0435\u0442\u0441\u043a\u0438\u0439 \u0430\u0440\u0435\u043d\u0434\u0430\u0442\u043e\u0440\u044b<\/p>\n<p>\u041d\u0430\u043b\u043e\u0433\u043e\u0432\u044b\u0435 \u0438 \u043a\u043e\u043c\u043c\u0443\u043d\u0430\u043b\u044c\u043d\u044b\u0435 \u0437\u0430\u0434\u043e\u043b\u0436\u0435\u043d\u043d\u043e\u0441\u0442\u0438<\/p>\n<p>\u041d\u0435\u0440\u0435\u0448\u0435\u043d\u043d\u044b\u0435 \u0434\u043e\u043a\u0443\u043c\u0435\u043d\u0442\u044b\u00a0<\/p>\n<\/blockquote>\n<p>&nbsp;<\/p>\n<p><span style=\"font-size: 18pt;\"><em>\u041c\u044b \u0440\u0430\u0441\u0441\u043c\u0430\u0442\u0440\u0438\u0432\u0430\u0435\u043c \u0440\u0430\u0437\u043b\u0438\u0447\u043d\u044b\u0435 \u0442\u0438\u043f\u044b \u043d\u0435\u0434\u0432\u0438\u0436\u0438\u043c\u043e\u0441\u0442\u0438 \u0438 \u0441\u0438\u0442\u0443\u0430\u0446\u0438\u0439 .\u00a0<\/em><\/span><\/p>\n<p>&nbsp;<\/p>\n<p><strong>\u041f\u043e\u043c\u043e\u0436\u0435\u043c \u0432\u0430\u043c:\u00a0<\/strong><\/p>\n<blockquote>\n<p>\u041a\u0443\u043f\u0438\u0442\u044c \u043d\u043e\u0432\u0443\u044e \u043d\u0435\u0434\u0432\u0438\u0436\u0438\u043c\u043e\u0441\u0442\u044c<\/p>\n<p>\u041e\u0444\u043e\u0440\u043c\u0438\u0442\u044c \u0441\u0434\u0435\u043b\u043a\u0443 \u0441 \u043d\u0435\u0434\u0432\u0438\u0436\u0438\u043c\u043e\u0441\u0442\u044c\u044e<\/p>\n<p>\u041e\u0440\u0433\u0430\u043d\u0438\u0437\u043e\u0432\u0430\u0442\u044c \u0440\u0430\u0437\u0440\u0435\u0448\u0435\u043d\u0438\u0435 \u043d\u0430 \u0440\u0435\u043c\u043e\u043d\u0442 \u0441\u043e\u0431\u0441\u0442\u0432\u0435\u043d\u043d\u043e\u0441\u0442\u0438<\/p>\n<p>\u041e\u0440\u0433\u0430\u043d\u0438\u0437\u0430\u0446\u0438\u044f \u0438 \u043a\u043e\u043d\u0442\u0440\u043e\u043b\u044c \u0432\u043e \u0432\u0440\u0435\u043c\u044f \u0440\u0435\u043c\u043e\u043d\u0442\u043d\u044b\u0445 \u0440\u0430\u0431\u043e\u0442\u00a0<\/p>\n<\/blockquote>\n<p><span style=\"font-size: 18pt;\">\u041f\u0440\u0435\u0434\u043e\u0441\u0442\u0430\u0432\u044c\u0442\u0435 \u043d\u0430\u043c \u0431\u0430\u0437\u043e\u0432\u0443\u044e \u0438\u043d\u0444\u043e\u0440\u043c\u0430\u0446\u0438\u044e \u043e \u0441\u0432\u043e\u0435\u0439 \u043d\u0435\u0434\u0432\u0438\u0436\u0438\u043c\u043e\u0441\u0442\u0438, \u0438 \u043c\u044b \u0441\u0432\u044f\u0436\u0435\u043c\u0441\u044f \u0441 \u0432\u0430\u043c\u0438<\/span><\/p>\n\n<div class=\"wpcf7 no-js\" id=\"wpcf7-f2015145-o2\" lang=\"lv-LV\" dir=\"ltr\" data-wpcf7-id=\"2015145\">\n<div class=\"screen-reader-response\"><p role=\"status\" aria-live=\"polite\" aria-atomic=\"true\"><\/p> <ul><\/ul><\/div>\n<form action=\"\/ru\/wp-json\/wp\/v2\/pages\/1363905#wpcf7-f2015145-o2\" method=\"post\" class=\"wpcf7-form init\" aria-label=\"Contact form\" enctype=\"multipart\/form-data\" novalidate=\"novalidate\" data-status=\"init\">\n<fieldset class=\"hidden-fields-container\"><input type=\"hidden\" name=\"_wpcf7\" value=\"2015145\" \/><input type=\"hidden\" name=\"_wpcf7_version\" value=\"6.1.5\" \/><input type=\"hidden\" name=\"_wpcf7_locale\" value=\"lv_LV\" \/><input type=\"hidden\" name=\"_wpcf7_unit_tag\" value=\"wpcf7-f2015145-o2\" \/><input type=\"hidden\" name=\"_wpcf7_container_post\" value=\"0\" \/><input type=\"hidden\" name=\"_wpcf7_posted_data_hash\" value=\"\" \/><input type=\"hidden\" name=\"_wpcf7_recaptcha_response\" value=\"\" \/>\n<\/fieldset>\n<div style=\"padding-top:50px;\">\n<\/div>\n<div class=\"row\">\n\t<div class=\"col-xs-12 col-sm-12 col-md-4 col-lg-4\" style=\"padding-top:5px;\">\n\t\t<p>\u0410\u0434\u0440\u0435\u0441 \u043d\u0435\u0434\u0432\u0438\u0436\u0438\u043c\u043e\u0441\u0442\u0438 <span class=\"text-red\">*<\/span>\n\t\t<\/p>\n\t\t<p><span class=\"wpcf7-form-control-wrap\" data-name=\"real-estate-adress\"><input size=\"40\" maxlength=\"400\" class=\"wpcf7-form-control wpcf7-text wpcf7-validates-as-required\" aria-required=\"true\" aria-invalid=\"false\" value=\"\" type=\"text\" name=\"real-estate-adress\" \/><\/span>\n\t\t<\/p>\n\t<\/div>\n\t<div class=\"col-xs-12 col-sm-12 col-md-4 col-lg-4\" style=\"padding-top:5px;\">\n\t\t<p>\u0422\u0438\u043f \u043e\u0431\u044a\u0435\u043a\u0442\u0430 (\u043a\u0432\u0430\u0440\u0442\u0438\u0440\u0430, \u0434\u043e\u043c, \u0437\u0435\u043c\u043b\u044f) <span class=\"text-red\">*<\/span>\n\t\t<\/p>\n\t\t<p><span class=\"wpcf7-form-control-wrap\" data-name=\"real-estate-type\"><input size=\"40\" maxlength=\"400\" class=\"wpcf7-form-control wpcf7-text wpcf7-validates-as-required\" aria-required=\"true\" aria-invalid=\"false\" value=\"\" type=\"text\" name=\"real-estate-type\" \/><\/span>\n\t\t<\/p>\n\t<\/div>\n\t<div class=\"col-xs-12 col-sm-12 col-md-4 col-lg-4\" style=\"padding-top:5px;\">\n\t\t<p>\u0421\u0435\u0440\u0438\u044f (\u0442\u0438\u043f \u0417\u0434\u0430\u043d\u0438\u044f) <span class=\"text-red\">*<\/span>\n\t\t<\/p>\n\t\t<p><span class=\"wpcf7-form-control-wrap\" data-name=\"real-estate-building-type\"><input size=\"40\" maxlength=\"400\" class=\"wpcf7-form-control wpcf7-text wpcf7-validates-as-required\" aria-required=\"true\" aria-invalid=\"false\" value=\"\" type=\"text\" name=\"real-estate-building-type\" \/><\/span>\n\t\t<\/p>\n\t<\/div>\n\t<div class=\"col-xs-12 col-sm-12 col-md-4 col-lg-4\" style=\"padding-top:5px;\">\n\t\t<p>\u041f\u043b\u043e\u0449\u0430\u0434\u044c \u043c2 <span class=\"text-red\">*<\/span>\n\t\t<\/p>\n\t\t<p><span class=\"wpcf7-form-control-wrap\" data-name=\"real-estate-m2\"><input size=\"40\" maxlength=\"400\" class=\"wpcf7-form-control wpcf7-text wpcf7-validates-as-required\" aria-required=\"true\" aria-invalid=\"false\" value=\"\" type=\"text\" name=\"real-estate-m2\" \/><\/span>\n\t\t<\/p>\n\t<\/div>\n\t<div class=\"col-xs-12 col-sm-12 col-md-4 col-lg-4\" style=\"padding-top:5px;\">\n\t\t<p>\u041a\u043e\u043b\u0438\u0447\u0435\u0441\u0442\u0432\u043e \u043a\u043e\u043c\u043d\u0430\u0442 <span class=\"text-red\">*<\/span>\n\t\t<\/p>\n\t\t<p><span class=\"wpcf7-form-control-wrap\" data-name=\"real-estate-rooms\"><input size=\"40\" maxlength=\"400\" class=\"wpcf7-form-control wpcf7-text wpcf7-validates-as-required\" aria-required=\"true\" aria-invalid=\"false\" value=\"\" type=\"text\" name=\"real-estate-rooms\" \/><\/span>\n\t\t<\/p>\n\t<\/div>\n\t<div class=\"col-xs-12 col-sm-12 col-md-4 col-lg-4\" style=\"padding-top:5px;\">\n\t\t<p>\u042d\u0442\u0430\u0436 <span class=\"text-red\">*<\/span>\n\t\t<\/p>\n\t\t<p><span class=\"wpcf7-form-control-wrap\" data-name=\"real-estate-floor\"><input size=\"40\" maxlength=\"400\" class=\"wpcf7-form-control wpcf7-text wpcf7-validates-as-required\" aria-required=\"true\" aria-invalid=\"false\" value=\"\" type=\"text\" name=\"real-estate-floor\" \/><\/span>\n\t\t<\/p>\n\t<\/div>\n\t<div class=\"col-xs-24 col-sm-24 col-md-8 col-lg-12\" style=\"padding-top:5px;\">\n\t\t<p>\u041e\u043f\u0438\u0441\u0430\u043d\u0438\u0435 \u043d\u0435\u0434\u0432\u0438\u0436\u0438\u043c\u043e\u0441\u0442\u0438 <span class=\"text-red\"><\/span>\n\t\t<\/p>\n\t\t<p><span class=\"wpcf7-form-control-wrap\" data-name=\"Apraksts\"><textarea cols=\"40\" rows=\"10\" maxlength=\"2000\" class=\"wpcf7-form-control wpcf7-textarea\" aria-invalid=\"false\" name=\"Apraksts\"><\/textarea><\/span>\n\t\t<\/p>\n\t<\/div>\n\t<div class=\"col-xs-12 col-sm-12 col-md-4 col-lg-4\" style=\"padding-top:5px;\">\n\t\t<p>\u0418\u043c\u044f <span class=\"text-red\">*<\/span>\n\t\t<\/p>\n\t\t<p><span class=\"wpcf7-form-control-wrap\" data-name=\"your-name\"><input size=\"40\" maxlength=\"400\" class=\"wpcf7-form-control wpcf7-text wpcf7-validates-as-required\" aria-required=\"true\" aria-invalid=\"false\" value=\"\" type=\"text\" name=\"your-name\" \/><\/span>\n\t\t<\/p>\n\t<\/div>\n\t<div class=\"col-xs-12 col-sm-12 col-md-4 col-lg-4\" style=\"padding-top:5px;\">\n\t\t<p>E-\u043f\u043e\u0447\u0442\u0430 <span class=\"text-red\">*<\/span>\n\t\t<\/p>\n\t\t<p><span class=\"wpcf7-form-control-wrap\" data-name=\"your-email\"><input size=\"40\" maxlength=\"400\" class=\"wpcf7-form-control wpcf7-email wpcf7-validates-as-required wpcf7-text wpcf7-validates-as-email\" aria-required=\"true\" aria-invalid=\"false\" value=\"\" type=\"email\" name=\"your-email\" \/><\/span>\n\t\t<\/p>\n\t<\/div>\n\t<div class=\"col-xs-12 col-sm-12 col-md-4 col-lg-4\" style=\"padding-top:5px;\">\n\t\t<p>\u0422\u0435\u043b. <span class=\"text-red\">*<\/span>\n\t\t<\/p>\n\t\t<p><span class=\"wpcf7-form-control-wrap\" data-name=\"your-tel\"><input size=\"40\" maxlength=\"400\" class=\"wpcf7-form-control wpcf7-tel wpcf7-validates-as-required wpcf7-text wpcf7-validates-as-tel\" aria-required=\"true\" aria-invalid=\"false\" value=\"\" type=\"tel\" name=\"your-tel\" \/><\/span>\n\t\t<\/p>\n\t<\/div>\n\t<div class=\"col-xs-12 col-sm-12 col-md-4 col-lg-4\" style=\"padding-top:5px;\">\n\t\t<p>\u0414\u043e\u0431\u0430\u0432\u0438\u0442\u044c \u0444\u043e\u0442\u043e\u0433\u0440\u0430\u0444\u0438\u0438 <span class=\"text-red\">*<\/span>\n\t\t<\/p>\n\t\t<p><span class=\"wpcf7-form-control-wrap\" data-name=\"your-file\"><input size=\"40\" class=\"wpcf7-form-control wpcf7-file classbar\" id=\"idfoo\" accept=\".png,.jpg,.jpeg,.gif\" aria-invalid=\"false\" type=\"file\" name=\"your-file\" \/><\/span>\n\t\t<\/p>\n\t<\/div>\n\t<div class=\"col-xs-12 col-sm-12 col-md-12 col-lg-12\">\n\t<\/div>\n\t<div class=\"col-xs-12 col-sm-12 col-md-2 col-lg-2\" style=\"padding-top:15px;\">\n\t\t<p><input class=\"wpcf7-form-control wpcf7-submit has-spinner\" type=\"submit\" value=\"\u041e\u0422\u041f\u0420\u0410\u0412\u0418\u0422\u042c\" \/>\n\t\t<\/p>\n\t<\/div>\n<\/div><div class=\"wpcf7-response-output\" aria-hidden=\"true\"><\/div>\n<\/form>\n<\/div>\n\n<p>&nbsp;<\/p>\n<p><strong>\u041c\u044b \u0441\u043c\u043e\u0436\u0435\u043c \u0434\u043e\u0433\u043e\u0432\u043e\u0440\u0438\u0442\u044c\u0441\u044f \u043e\u0431\u043e \u0432\u0441\u0435\u043c!\u00a0<\/strong><\/p>\n<blockquote>\n<p><span style=\"font-size: 18pt;\">\u0415\u0421\u0422\u042c \u041f\u0420\u0415\u0414\u041b\u041e\u0416\u0415\u041d\u0418\u042f &#8211; \u0415\u0421\u0422\u042c \u0421\u0414\u0415\u041b\u041a\u0410<\/span><\/p>\n<\/blockquote>\n<p>&nbsp;<\/p>\n<p>\u041f\u0440\u0435\u0434\u043b\u043e\u0436\u0435\u043d\u0438\u044f \u041f\u043e\u0441\u044a\u043b\u0430\u0439\u0442\u0435 \u043d\u0430 realat@realat.lv,<\/p>\n<p><span style=\"font-size: 18pt;\">\u0438\u043b\u0438 \u0437\u0432\u043e\u043d\u0438\u0442\u0435 \u043f\u043e \u0442\u0435\u043b\u0435\u0444\u043e\u043d\u0443 <strong><span style=\"font-size: 12pt;\">+ 371<\/span> 2230 4489\u00a0<\/strong><\/span><\/p>\n<p>\u0414\u043e \u0432\u0441\u0442\u0440\u0435\u0447\u0438!\u00a0<\/p>\n<p>&nbsp;<\/p>\n<p><\/p>","protected":false},"excerpt":{"rendered":"<p>\u0425\u041e\u0422\u0418\u0422\u0415 \u0421\u0420\u041e\u0427\u041d\u041e \u043f\u0440\u043e\u0434\u0430\u0442\u044c \u0441\u0432\u043e\u044e \u043d\u0435\u0434\u0432\u0438\u0436\u0438\u043c\u043e\u0441\u0442\u044c ? \u041c\u042b \u041f\u041e\u041a\u0423\u041f\u0410\u0415\u041c \u0412 \u0422\u0415\u0427\u0415\u041d\u0418\u0415 \u0422\u0420\u0415\u0425 \u0414\u041d\u0415\u0419! \u041c\u044b \u043f\u043e\u043a\u0443\u043f\u0430\u0435\u043c \u0432 \u043d\u0430\u043b\u0438\u0447\u043d\u044b\u0445 \u0434\u0435\u043d\u044c\u0433\u0430\u0445\u00a0\u0418 \u043e\u043f\u043b\u0430\u0447\u0438\u0432\u0430\u0435\u043c &#8211; \u0432 \u0442\u0435\u0447\u0435\u043d\u0438\u0435 3-\u0445 \u0434\u043d\u0435\u0439\u00a0 SIA REALAT \u043f\u043e\u043a\u0443\u043f\u0430\u0435\u0442 \u043d\u0435\u0434\u0432\u0438\u0436\u0438\u043c\u043e\u0441\u0442\u044c \u0432 \u0420\u0438\u0433\u0435, \u0420\u0438\u0436\u0441\u043a\u043e\u043c&#8230; <\/p>\n","protected":false},"author":2,"featured_media":1365786,"parent":0,"menu_order":0,"comment_status":"closed","ping_status":"closed","template":"single.php","meta":{"footnotes":""},"class_list":["post-1363905","page","type-page","status-publish","has-post-thumbnail","hentry"],"yoast_head":"<!-- This site is optimized with the Yoast SEO plugin v27.5 - https:\/\/yoast.com\/product\/yoast-seo-wordpress\/ -->\n<title>Nopirksim J\u016bsu nekustamo \u012bpa\u0161umu - dz\u012bvokli, m\u0101ju, zemi, komerc\u012bpa\u0161umu<\/title>\n<meta name=\"description\" content=\"Nopirksim J\u016bsu nekustamo \u012bpa\u0161umu R\u012bg\u0101, Pier\u012bg\u0101 vai J\u016brmal\u0101 - dz\u012bvokli, m\u0101ju, zemi vai komerc\u012bpa\u0161umu. Aizpildi pieteikumu un m\u0113s sazin\u0101simies.\" \/>\n<meta name=\"robots\" content=\"index, follow, max-snippet:-1, max-image-preview:large, max-video-preview:-1\" \/>\n<meta name=\"twitter:card\" content=\"summary_large_image\" \/>\n<meta name=\"twitter:title\" content=\"Nopirksim J\u016bsu nekustamo \u012bpa\u0161umu - dz\u012bvokli, m\u0101ju, zemi, komerc\u012bpa\u0161umu\" \/>\n<meta name=\"twitter:description\" content=\"Nopirksim J\u016bsu nekustamo \u012bpa\u0161umu R\u012bg\u0101, Pier\u012bg\u0101 vai J\u016brmal\u0101 - dz\u012bvokli, m\u0101ju, zemi vai komerc\u012bpa\u0161umu. Aizpildi pieteikumu un m\u0113s sazin\u0101simies.\" \/>\n<meta name=\"twitter:image\" content=\"https:\/\/www.realat.lv\/wp-content\/uploads\/2015\/12\/22.jpg\" \/>\n<meta name=\"twitter:label1\" content=\"Est. reading time\" \/>\n\t<meta name=\"twitter:data1\" content=\"1 minute\" \/>\n<script type=\"application\/ld+json\" class=\"yoast-schema-graph\">{\"@context\":\"https:\\\/\\\/schema.org\",\"@graph\":[{\"@type\":\"WebPage\",\"@id\":\"https:\\\/\\\/www.realat.lv\\\/lv\\\/perkam-jusu-ipasumu\\\/\",\"url\":\"https:\\\/\\\/www.realat.lv\\\/lv\\\/perkam-jusu-ipasumu\\\/\",\"name\":\"Nopirksim J\u016bsu nekustamo \u012bpa\u0161umu - dz\u012bvokli, m\u0101ju, zemi, komerc\u012bpa\u0161umu\",\"isPartOf\":{\"@id\":\"https:\\\/\\\/www.realat.lv\\\/en\\\/#website\"},\"primaryImageOfPage\":{\"@id\":\"https:\\\/\\\/www.realat.lv\\\/lv\\\/perkam-jusu-ipasumu\\\/#primaryimage\"},\"image\":{\"@id\":\"https:\\\/\\\/www.realat.lv\\\/lv\\\/perkam-jusu-ipasumu\\\/#primaryimage\"},\"thumbnailUrl\":\"https:\\\/\\\/www.realat.lv\\\/wp-content\\\/uploads\\\/2015\\\/12\\\/22.jpg\",\"datePublished\":\"2016-05-06T20:43:19+00:00\",\"dateModified\":\"2021-08-30T20:20:26+00:00\",\"description\":\"Nopirksim J\u016bsu nekustamo \u012bpa\u0161umu R\u012bg\u0101, Pier\u012bg\u0101 vai J\u016brmal\u0101 - dz\u012bvokli, m\u0101ju, zemi vai komerc\u012bpa\u0161umu. Aizpildi pieteikumu un m\u0113s sazin\u0101simies.\",\"breadcrumb\":{\"@id\":\"https:\\\/\\\/www.realat.lv\\\/lv\\\/perkam-jusu-ipasumu\\\/#breadcrumb\"},\"inLanguage\":\"ru\",\"potentialAction\":[{\"@type\":\"ReadAction\",\"target\":[\"https:\\\/\\\/www.realat.lv\\\/lv\\\/perkam-jusu-ipasumu\\\/\"]}]},{\"@type\":\"ImageObject\",\"inLanguage\":\"ru\",\"@id\":\"https:\\\/\\\/www.realat.lv\\\/lv\\\/perkam-jusu-ipasumu\\\/#primaryimage\",\"url\":\"https:\\\/\\\/www.realat.lv\\\/wp-content\\\/uploads\\\/2015\\\/12\\\/22.jpg\",\"contentUrl\":\"https:\\\/\\\/www.realat.lv\\\/wp-content\\\/uploads\\\/2015\\\/12\\\/22.jpg\",\"width\":1920,\"height\":802,\"caption\":\"P\u0113rkam J\u016bsu \u012bpa\u0161umu - dz\u012bvokli, m\u0101ju, zemi, komerc\u012bpa\u0161umu\"},{\"@type\":\"BreadcrumbList\",\"@id\":\"https:\\\/\\\/www.realat.lv\\\/lv\\\/perkam-jusu-ipasumu\\\/#breadcrumb\",\"itemListElement\":[{\"@type\":\"ListItem\",\"position\":1,\"name\":\"Home\",\"item\":\"https:\\\/\\\/www.realat.lv\\\/en\\\/\"},{\"@type\":\"ListItem\",\"position\":2,\"name\":\"P\u0113rkam J\u016bsu \u012bpa\u0161umu\"}]},{\"@type\":\"WebSite\",\"@id\":\"https:\\\/\\\/www.realat.lv\\\/en\\\/#website\",\"url\":\"https:\\\/\\\/www.realat.lv\\\/en\\\/\",\"name\":\"REALAT.lv\",\"description\":\"Nekustamie \u012bpa\u0161umi, iz\u012br\u0113, iznom\u0101 un p\u0101rdod, dz\u012bvok\u013ci, m\u0101jas, zemes, komerc\u012bpa\u0161umi, invest\u012bciju projekti, starpniec\u012bbas pakalpojumi.\",\"potentialAction\":[{\"@type\":\"SearchAction\",\"target\":{\"@type\":\"EntryPoint\",\"urlTemplate\":\"https:\\\/\\\/www.realat.lv\\\/en\\\/?s={search_term_string}\"},\"query-input\":{\"@type\":\"PropertyValueSpecification\",\"valueRequired\":true,\"valueName\":\"search_term_string\"}}],\"inLanguage\":\"ru\"}]}<\/script>\n<!-- \/ Yoast SEO plugin. -->","yoast_head_json":{"title":"Nopirksim J\u016bsu nekustamo \u012bpa\u0161umu - dz\u012bvokli, m\u0101ju, zemi, komerc\u012bpa\u0161umu","description":"Nopirksim J\u016bsu nekustamo \u012bpa\u0161umu R\u012bg\u0101, Pier\u012bg\u0101 vai J\u016brmal\u0101 - dz\u012bvokli, m\u0101ju, zemi vai komerc\u012bpa\u0161umu. Aizpildi pieteikumu un m\u0113s sazin\u0101simies.","robots":{"index":"index","follow":"follow","max-snippet":"max-snippet:-1","max-image-preview":"max-image-preview:large","max-video-preview":"max-video-preview:-1"},"twitter_card":"summary_large_image","twitter_title":"Nopirksim J\u016bsu nekustamo \u012bpa\u0161umu - dz\u012bvokli, m\u0101ju, zemi, komerc\u012bpa\u0161umu","twitter_description":"Nopirksim J\u016bsu nekustamo \u012bpa\u0161umu R\u012bg\u0101, Pier\u012bg\u0101 vai J\u016brmal\u0101 - dz\u012bvokli, m\u0101ju, zemi vai komerc\u012bpa\u0161umu. Aizpildi pieteikumu un m\u0113s sazin\u0101simies.","twitter_image":"https:\/\/www.realat.lv\/wp-content\/uploads\/2015\/12\/22.jpg","twitter_misc":{"Est. reading time":"1 minute"},"schema":{"@context":"https:\/\/schema.org","@graph":[{"@type":"WebPage","@id":"https:\/\/www.realat.lv\/lv\/perkam-jusu-ipasumu\/","url":"https:\/\/www.realat.lv\/lv\/perkam-jusu-ipasumu\/","name":"Nopirksim J\u016bsu nekustamo \u012bpa\u0161umu - dz\u012bvokli, m\u0101ju, zemi, komerc\u012bpa\u0161umu","isPartOf":{"@id":"https:\/\/www.realat.lv\/en\/#website"},"primaryImageOfPage":{"@id":"https:\/\/www.realat.lv\/lv\/perkam-jusu-ipasumu\/#primaryimage"},"image":{"@id":"https:\/\/www.realat.lv\/lv\/perkam-jusu-ipasumu\/#primaryimage"},"thumbnailUrl":"https:\/\/www.realat.lv\/wp-content\/uploads\/2015\/12\/22.jpg","datePublished":"2016-05-06T20:43:19+00:00","dateModified":"2021-08-30T20:20:26+00:00","description":"Nopirksim J\u016bsu nekustamo \u012bpa\u0161umu R\u012bg\u0101, Pier\u012bg\u0101 vai J\u016brmal\u0101 - dz\u012bvokli, m\u0101ju, zemi vai komerc\u012bpa\u0161umu. Aizpildi pieteikumu un m\u0113s sazin\u0101simies.","breadcrumb":{"@id":"https:\/\/www.realat.lv\/lv\/perkam-jusu-ipasumu\/#breadcrumb"},"inLanguage":"ru","potentialAction":[{"@type":"ReadAction","target":["https:\/\/www.realat.lv\/lv\/perkam-jusu-ipasumu\/"]}]},{"@type":"ImageObject","inLanguage":"ru","@id":"https:\/\/www.realat.lv\/lv\/perkam-jusu-ipasumu\/#primaryimage","url":"https:\/\/www.realat.lv\/wp-content\/uploads\/2015\/12\/22.jpg","contentUrl":"https:\/\/www.realat.lv\/wp-content\/uploads\/2015\/12\/22.jpg","width":1920,"height":802,"caption":"P\u0113rkam J\u016bsu \u012bpa\u0161umu - dz\u012bvokli, m\u0101ju, zemi, komerc\u012bpa\u0161umu"},{"@type":"BreadcrumbList","@id":"https:\/\/www.realat.lv\/lv\/perkam-jusu-ipasumu\/#breadcrumb","itemListElement":[{"@type":"ListItem","position":1,"name":"Home","item":"https:\/\/www.realat.lv\/en\/"},{"@type":"ListItem","position":2,"name":"P\u0113rkam J\u016bsu \u012bpa\u0161umu"}]},{"@type":"WebSite","@id":"https:\/\/www.realat.lv\/en\/#website","url":"https:\/\/www.realat.lv\/en\/","name":"REALAT.lv","description":"Nekustamie \u012bpa\u0161umi, iz\u012br\u0113, iznom\u0101 un p\u0101rdod, dz\u012bvok\u013ci, m\u0101jas, zemes, komerc\u012bpa\u0161umi, invest\u012bciju projekti, starpniec\u012bbas pakalpojumi.","potentialAction":[{"@type":"SearchAction","target":{"@type":"EntryPoint","urlTemplate":"https:\/\/www.realat.lv\/en\/?s={search_term_string}"},"query-input":{"@type":"PropertyValueSpecification","valueRequired":true,"valueName":"search_term_string"}}],"inLanguage":"ru"}]}},"post_mailing_queue_ids":[],"_links":{"self":[{"href":"https:\/\/www.realat.lv\/ru\/wp-json\/wp\/v2\/pages\/1363905","targetHints":{"allow":["GET"]}}],"collection":[{"href":"https:\/\/www.realat.lv\/ru\/wp-json\/wp\/v2\/pages"}],"about":[{"href":"https:\/\/www.realat.lv\/ru\/wp-json\/wp\/v2\/types\/page"}],"author":[{"embeddable":true,"href":"https:\/\/www.realat.lv\/ru\/wp-json\/wp\/v2\/users\/2"}],"replies":[{"embeddable":true,"href":"https:\/\/www.realat.lv\/ru\/wp-json\/wp\/v2\/comments?post=1363905"}],"version-history":[{"count":0,"href":"https:\/\/www.realat.lv\/ru\/wp-json\/wp\/v2\/pages\/1363905\/revisions"}],"wp:featuredmedia":[{"embeddable":true,"href":"https:\/\/www.realat.lv\/ru\/wp-json\/wp\/v2\/media\/1365786"}],"wp:attachment":[{"href":"https:\/\/www.realat.lv\/ru\/wp-json\/wp\/v2\/media?parent=1363905"}],"curies":[{"name":"wp","href":"https:\/\/api.w.org\/{rel}","templated":true}]}}